{"id":991007,"date":"2019-11-15T23:40:06","date_gmt":"2019-11-15T23:40:06","guid":{"rendered":"https:\/\/www.centroprogettolingue.it\/sozial-kulturelle-aktivitaeten\/"},"modified":"2023-03-21T14:50:55","modified_gmt":"2023-03-21T14:50:55","slug":"sozial-kulturelle-aktivitaeten","status":"publish","type":"page","link":"https:\/\/www.centroprogettolingue.it\/de\/sozial-kulturelle-aktivitaeten\/","title":{"rendered":"SOZIAL KULTURELLE AKTIVIT\u00c4TEN"},"content":{"rendered":"\t\t<div data-elementor-type=\"wp-page\" data-elementor-id=\"991007\" class=\"elementor elementor-991007 elementor-343\">\n\t\t\t\t\t\t\t\t\t<section class=\"elementor-section elementor-top-section elementor-element elementor-element-20c0ef77 elementor-section-content-bottom elementor-section-boxed elementor-section-height-default elementor-section-height-default elementor-invisible\" data-id=\"20c0ef77\" data-element_type=\"section\" data-settings=\"{&quot;background_background&quot;:&quot;classic&quot;,&quot;background_motion_fx_motion_fx_scrolling&quot;:&quot;yes&quot;,&quot;background_motion_fx_translateY_effect&quot;:&quot;yes&quot;,&quot;background_motion_fx_opacity_effect&quot;:&quot;yes&quot;,&quot;background_motion_fx_opacity_direction&quot;:&quot;in-out&quot;,&quot;background_motion_fx_opacity_range&quot;:{&quot;unit&quot;:&quot;%&quot;,&quot;size&quot;:&quot;&quot;,&quot;sizes&quot;:{&quot;start&quot;:62,&quot;end&quot;:82}},&quot;animation&quot;:&quot;fadeIn&quot;,&quot;background_motion_fx_translateY_speed&quot;:{&quot;unit&quot;:&quot;px&quot;,&quot;size&quot;:4,&quot;sizes&quot;:[]},&quot;background_motion_fx_translateY_affectedRange&quot;:{&quot;unit&quot;:&quot;%&quot;,&quot;size&quot;:&quot;&quot;,&quot;sizes&quot;:{&quot;start&quot;:0,&quot;end&quot;:100}},&quot;background_motion_fx_opacity_level&quot;:{&quot;unit&quot;:&quot;px&quot;,&quot;size&quot;:10,&quot;sizes&quot;:[]},&quot;background_motion_fx_devices&quot;:[&quot;desktop&quot;,&quot;tablet&quot;,&quot;mobile&quot;]}\">\n\t\t\t\t\t\t<div class=\"elementor-container elementor-column-gap-default\">\n\t\t\t\t\t<div class=\"elementor-column elementor-col-50 elementor-top-column elementor-element elementor-element-644edbb7\" data-id=\"644edbb7\" data-element_type=\"column\" data-settings=\"{&quot;background_background&quot;:&quot;classic&quot;}\">\n\t\t\t<div class=\"elementor-widget-wrap elementor-element-populated\">\n\t\t\t\t\t\t\t\t<div class=\"elementor-element elementor-element-3f8722aa elementor-widget elementor-widget-heading\" data-id=\"3f8722aa\" data-element_type=\"widget\" data-widget_type=\"heading.default\">\n\t\t\t\t<div class=\"elementor-widget-container\">\n\t\t\t<style>\/*! elementor - v3.18.0 - 20-12-2023 *\/\n.elementor-heading-title{padding:0;margin:0;line-height:1}.elementor-widget-heading .elementor-heading-title[class*=elementor-size-]>a{color:inherit;font-size:inherit;line-height:inherit}.elementor-widget-heading .elementor-heading-title.elementor-size-small{font-size:15px}.elementor-widget-heading .elementor-heading-title.elementor-size-medium{font-size:19px}.elementor-widget-heading .elementor-heading-title.elementor-size-large{font-size:29px}.elementor-widget-heading .elementor-heading-title.elementor-size-xl{font-size:39px}.elementor-widget-heading .elementor-heading-title.elementor-size-xxl{font-size:59px}<\/style><h3 class=\"elementor-heading-title elementor-size-default\">Centro Progetto Lingue<\/h3>\t\t<\/div>\n\t\t\t\t<\/div>\n\t\t\t\t\t<\/div>\n\t\t<\/div>\n\t\t\t\t<div class=\"elementor-column elementor-col-50 elementor-top-column elementor-element elementor-element-69c29a2c elementor-hidden-phone\" data-id=\"69c29a2c\" data-element_type=\"column\">\n\t\t\t<div class=\"elementor-widget-wrap\">\n\t\t\t\t\t\t\t\t\t<\/div>\n\t\t<\/div>\n\t\t\t\t\t\t\t<\/div>\n\t\t<\/section>\n\t\t\t\t<section class=\"elementor-section elementor-top-section elementor-element elementor-element-1b0c375f elementor-section-height-min-height elementor-section-boxed elementor-section-height-default elementor-section-items-middle\" data-id=\"1b0c375f\" data-element_type=\"section\">\n\t\t\t\t\t\t<div class=\"elementor-container elementor-column-gap-default\">\n\t\t\t\t\t<div class=\"elementor-column elementor-col-50 elementor-top-column elementor-element elementor-element-71053405\" data-id=\"71053405\" data-element_type=\"column\" data-settings=\"{&quot;background_background&quot;:&quot;classic&quot;}\">\n\t\t\t<div class=\"elementor-widget-wrap elementor-element-populated\">\n\t\t\t\t\t\t\t\t<div class=\"elementor-element elementor-element-37f8f6 elementor-widget elementor-widget-spacer\" data-id=\"37f8f6\" data-element_type=\"widget\" data-widget_type=\"spacer.default\">\n\t\t\t\t<div class=\"elementor-widget-container\">\n\t\t\t<style>\/*! elementor - v3.18.0 - 20-12-2023 *\/\n.elementor-column .elementor-spacer-inner{height:var(--spacer-size)}.e-con{--container-widget-width:100%}.e-con-inner>.elementor-widget-spacer,.e-con>.elementor-widget-spacer{width:var(--container-widget-width,var(--spacer-size));--align-self:var(--container-widget-align-self,initial);--flex-shrink:0}.e-con-inner>.elementor-widget-spacer>.elementor-widget-container,.e-con>.elementor-widget-spacer>.elementor-widget-container{height:100%;width:100%}.e-con-inner>.elementor-widget-spacer>.elementor-widget-container>.elementor-spacer,.e-con>.elementor-widget-spacer>.elementor-widget-container>.elementor-spacer{height:100%}.e-con-inner>.elementor-widget-spacer>.elementor-widget-container>.elementor-spacer>.elementor-spacer-inner,.e-con>.elementor-widget-spacer>.elementor-widget-container>.elementor-spacer>.elementor-spacer-inner{height:var(--container-widget-height,var(--spacer-size))}.e-con-inner>.elementor-widget-spacer.elementor-widget-empty,.e-con>.elementor-widget-spacer.elementor-widget-empty{position:relative;min-height:22px;min-width:22px}.e-con-inner>.elementor-widget-spacer.elementor-widget-empty .elementor-widget-empty-icon,.e-con>.elementor-widget-spacer.elementor-widget-empty .elementor-widget-empty-icon{position:absolute;top:0;bottom:0;left:0;right:0;margin:auto;padding:0;width:22px;height:22px}<\/style>\t\t<div class=\"elementor-spacer\">\n\t\t\t<div class=\"elementor-spacer-inner\"><\/div>\n\t\t<\/div>\n\t\t\t\t<\/div>\n\t\t\t\t<\/div>\n\t\t\t\t\t<\/div>\n\t\t<\/div>\n\t\t\t\t<div class=\"elementor-column elementor-col-50 elementor-top-column elementor-element elementor-element-58140c35 elementor-hidden-phone\" data-id=\"58140c35\" data-element_type=\"column\">\n\t\t\t<div class=\"elementor-widget-wrap\">\n\t\t\t\t\t\t\t\t\t<\/div>\n\t\t<\/div>\n\t\t\t\t\t\t\t<\/div>\n\t\t<\/section>\n\t\t\t\t<section class=\"elementor-section elementor-top-section elementor-element elementor-element-1ef42f6 elementor-section-boxed elementor-section-height-default elementor-section-height-default\" data-id=\"1ef42f6\" data-element_type=\"section\">\n\t\t\t\t\t\t<div class=\"elementor-container elementor-column-gap-default\">\n\t\t\t\t\t<div class=\"elementor-column elementor-col-66 elementor-top-column elementor-element elementor-element-779cea4\" data-id=\"779cea4\" data-element_type=\"column\">\n\t\t\t<div class=\"elementor-widget-wrap elementor-element-populated\">\n\t\t\t\t\t\t\t\t<div class=\"elementor-element elementor-element-3f0738a animated-fast elementor-invisible elementor-widget elementor-widget-heading\" data-id=\"3f0738a\" data-element_type=\"widget\" data-settings=\"{&quot;_animation&quot;:&quot;fadeIn&quot;,&quot;_animation_delay&quot;:300}\" data-widget_type=\"heading.default\">\n\t\t\t\t<div class=\"elementor-widget-container\">\n\t\t\t<h2 class=\"elementor-heading-title elementor-size-default\">SOZIAL KULTURELLE AKTIVIT\u00c4TEN<\/h2>\t\t<\/div>\n\t\t\t\t<\/div>\n\t\t\t\t<div class=\"elementor-element elementor-element-52af10b elementor-widget elementor-widget-text-editor\" data-id=\"52af10b\" data-element_type=\"widget\" data-widget_type=\"text-editor.default\">\n\t\t\t\t<div class=\"elementor-widget-container\">\n\t\t\t<style>\/*! elementor - v3.18.0 - 20-12-2023 *\/\n.elementor-widget-text-editor.elementor-drop-cap-view-stacked .elementor-drop-cap{background-color:#69727d;color:#fff}.elementor-widget-text-editor.elementor-drop-cap-view-framed .elementor-drop-cap{color:#69727d;border:3px solid;background-color:transparent}.elementor-widget-text-editor:not(.elementor-drop-cap-view-default) .elementor-drop-cap{margin-top:8px}.elementor-widget-text-editor:not(.elementor-drop-cap-view-default) .elementor-drop-cap-letter{width:1em;height:1em}.elementor-widget-text-editor .elementor-drop-cap{float:left;text-align:center;line-height:1;font-size:50px}.elementor-widget-text-editor .elementor-drop-cap-letter{display:inline-block}<\/style>\t\t\t\t<p>Das SPRACHZENTRUM PROGETTO LINGUE organisiert kulturelle, soziale und Freizeitaktivit\u00e4ten, um den Sch\u00fclern die M\u00f6glichkeit zu geben, die italienische Sprache durch Aktivit\u00e4ten au\u00dferhalb der Schule zu erlernen und dabei Orte und Gewohnheiten kennenzulernen, die typisch f\u00fcr die aktuelle italienische Kultur sind.<\/p>\n\t\t\t\t\t\t<\/div>\n\t\t\t\t<\/div>\n\t\t\t\t<div class=\"elementor-element elementor-element-425af81 elementor-widget elementor-widget-text-editor\" data-id=\"425af81\" data-element_type=\"widget\" data-widget_type=\"text-editor.default\">\n\t\t\t\t<div class=\"elementor-widget-container\">\n\t\t\t\t\t\t\t<ul>\n<li>F\u00fchrungen durch Verona, im Valpolicella, am Gardasee und anderen sch\u00f6nen Orten in der Umgebung der Schule.<\/li>\n<li>Besuche in Weinkellern mit Erkl\u00e4rungen zu den Weinherstellungsmethoden.<\/li>\n<\/ul>\n\t\t\t\t\t\t<\/div>\n\t\t\t\t<\/div>\n\t\t\t\t<div class=\"elementor-element elementor-element-d615a75 animated-fast elementor-invisible elementor-widget elementor-widget-heading\" data-id=\"d615a75\" data-element_type=\"widget\" data-settings=\"{&quot;_animation&quot;:&quot;fadeIn&quot;,&quot;_animation_delay&quot;:300}\" data-widget_type=\"heading.default\">\n\t\t\t\t<div class=\"elementor-widget-container\">\n\t\t\t<h2 class=\"elementor-heading-title elementor-size-default\">SOZIALE UND FREIZEITAKTIVIT\u00c4TEN\n<\/h2>\t\t<\/div>\n\t\t\t\t<\/div>\n\t\t\t\t<div class=\"elementor-element elementor-element-e26ba98 elementor-widget elementor-widget-text-editor\" data-id=\"e26ba98\" data-element_type=\"widget\" data-widget_type=\"text-editor.default\">\n\t\t\t\t<div class=\"elementor-widget-container\">\n\t\t\t\t\t\t\t<ul>\n<li>Italienischer Spritz: Aperitif in Begleitung von Lehrern, die sich auf Italienisch unterhalten. Der Aperitif findet in den R\u00e4umlichkeiten der Schule statt.<\/li>\n<li>Spa\u00df beim Laufen mit Italienern: Sportliche Aktivit\u00e4t mit Lehrern, die sich auf Italienisch unterhalten.<\/li>\n<li>Weinlese auf Italienisch: Die Teilnehmer k\u00f6nnen an der Weinlese in unseren Weinbergen teilnehmen, zusammen mit Lehrern, die sich auf Italienisch unterhalten, w\u00e4hrend sie im Freien arbeiten.<\/li>\n<li>Olivenernte auf Italienisch: Die Sch\u00fcler k\u00f6nnen zusammen mit den Lehrern, mit denen sie sich w\u00e4hrend der Arbeit auf Italienisch unterhalten, an der Olivenernte teilnehmen.<\/li>\n<\/ul>\n\t\t\t\t\t\t<\/div>\n\t\t\t\t<\/div>\n\t\t\t\t\t<\/div>\n\t\t<\/div>\n\t\t\t\t<div class=\"elementor-column elementor-col-33 elementor-top-column elementor-element elementor-element-b5a56c2\" data-id=\"b5a56c2\" data-element_type=\"column\">\n\t\t\t<div class=\"elementor-widget-wrap elementor-element-populated\">\n\t\t\t\t\t\t\t\t<div class=\"elementor-element elementor-element-dae1a82 elementor-widget elementor-widget-image\" data-id=\"dae1a82\" data-element_type=\"widget\" data-widget_type=\"image.default\">\n\t\t\t\t<div class=\"elementor-widget-container\">\n\t\t\t<style>\/*! elementor - v3.18.0 - 20-12-2023 *\/\n.elementor-widget-image{text-align:center}.elementor-widget-image a{display:inline-block}.elementor-widget-image a img[src$=\".svg\"]{width:48px}.elementor-widget-image img{vertical-align:middle;display:inline-block}<\/style>\t\t\t\t\t\t\t\t\t\t\t\t<img fetchpriority=\"high\" decoding=\"async\" width=\"800\" height=\"533\" src=\"https:\/\/www.centroprogettolingue.it\/wp-content\/uploads\/2023\/02\/verona.jpg\" class=\"attachment-large size-large wp-image-990556\" alt=\"\" srcset=\"https:\/\/www.centroprogettolingue.it\/wp-content\/uploads\/2023\/02\/verona.jpg 800w, https:\/\/www.centroprogettolingue.it\/wp-content\/uploads\/2023\/02\/verona-630x420.jpg 630w, https:\/\/www.centroprogettolingue.it\/wp-content\/uploads\/2023\/02\/verona-300x200.jpg 300w, https:\/\/www.centroprogettolingue.it\/wp-content\/uploads\/2023\/02\/verona-768x512.jpg 768w\" sizes=\"(max-width: 800px) 100vw, 800px\" \/>\t\t\t\t\t\t\t\t\t\t\t\t\t\t\t<\/div>\n\t\t\t\t<\/div>\n\t\t\t\t<div class=\"elementor-element elementor-element-7cad355 elementor-widget elementor-widget-image\" data-id=\"7cad355\" data-element_type=\"widget\" data-widget_type=\"image.default\">\n\t\t\t\t<div class=\"elementor-widget-container\">\n\t\t\t\t\t\t\t\t\t\t\t\t\t\t\t<img decoding=\"async\" width=\"1024\" height=\"576\" src=\"https:\/\/www.centroprogettolingue.it\/wp-content\/uploads\/2023\/02\/lazise-1024x576.jpeg\" class=\"attachment-large size-large wp-image-990559\" alt=\"\" srcset=\"https:\/\/www.centroprogettolingue.it\/wp-content\/uploads\/2023\/02\/lazise-1024x576.jpeg 1024w, https:\/\/www.centroprogettolingue.it\/wp-content\/uploads\/2023\/02\/lazise-630x354.jpeg 630w, https:\/\/www.centroprogettolingue.it\/wp-content\/uploads\/2023\/02\/lazise-300x169.jpeg 300w, https:\/\/www.centroprogettolingue.it\/wp-content\/uploads\/2023\/02\/lazise-768x432.jpeg 768w, https:\/\/www.centroprogettolingue.it\/wp-content\/uploads\/2023\/02\/lazise-1260x709.jpeg 1260w, https:\/\/www.centroprogettolingue.it\/wp-content\/uploads\/2023\/02\/lazise.jpeg 1280w\" sizes=\"(max-width: 1024px) 100vw, 1024px\" \/>\t\t\t\t\t\t\t\t\t\t\t\t\t\t\t<\/div>\n\t\t\t\t<\/div>\n\t\t\t\t\t<\/div>\n\t\t<\/div>\n\t\t\t\t\t\t\t<\/div>\n\t\t<\/section>\n\t\t\t\t\t\t\t<\/div>\n\t\t","protected":false},"excerpt":{"rendered":"<p>Centro Progetto Lingue SOZIAL KULTURELLE AKTIVIT\u00c4TEN Das SPRACHZENTRUM PROGETTO LINGUE organisiert kulturelle, soziale und Freizeitaktivit\u00e4ten, um den Sch\u00fclern die M\u00f6glichkeit zu geben, die italienische Sprache durch Aktivit\u00e4ten au\u00dferhalb der Schule zu erlernen und dabei Orte und Gewohnheiten kennenzulernen, die typisch f\u00fcr die aktuelle italienische Kultur sind. F\u00fchrungen durch Verona, im Valpolicella, am Gardasee und anderen&#8230;<\/p>\n","protected":false},"author":2,"featured_media":0,"parent":0,"menu_order":0,"comment_status":"closed","ping_status":"closed","template":"","meta":{"footnotes":""},"class_list":["post-991007","page","type-page","status-publish","hentry"],"_links":{"self":[{"href":"https:\/\/www.centroprogettolingue.it\/de\/wp-json\/wp\/v2\/pages\/991007","targetHints":{"allow":["GET"]}}],"collection":[{"href":"https:\/\/www.centroprogettolingue.it\/de\/wp-json\/wp\/v2\/pages"}],"about":[{"href":"https:\/\/www.centroprogettolingue.it\/de\/wp-json\/wp\/v2\/types\/page"}],"author":[{"embeddable":true,"href":"https:\/\/www.centroprogettolingue.it\/de\/wp-json\/wp\/v2\/users\/2"}],"replies":[{"embeddable":true,"href":"https:\/\/www.centroprogettolingue.it\/de\/wp-json\/wp\/v2\/comments?post=991007"}],"version-history":[{"count":1,"href":"https:\/\/www.centroprogettolingue.it\/de\/wp-json\/wp\/v2\/pages\/991007\/revisions"}],"predecessor-version":[{"id":991008,"href":"https:\/\/www.centroprogettolingue.it\/de\/wp-json\/wp\/v2\/pages\/991007\/revisions\/991008"}],"wp:attachment":[{"href":"https:\/\/www.centroprogettolingue.it\/de\/wp-json\/wp\/v2\/media?parent=991007"}],"curies":[{"name":"wp","href":"https:\/\/api.w.org\/{rel}","templated":true}]}}