{"id":991020,"date":"2023-03-03T16:35:35","date_gmt":"2023-03-03T16:35:35","guid":{"rendered":"https:\/\/www.centroprogettolingue.it\/das-team\/"},"modified":"2024-01-05T09:13:29","modified_gmt":"2024-01-05T09:13:29","slug":"das-team","status":"publish","type":"page","link":"https:\/\/www.centroprogettolingue.it\/de\/das-team\/","title":{"rendered":"DAS TEAM"},"content":{"rendered":"\t\t<div data-elementor-type=\"wp-page\" data-elementor-id=\"991020\" class=\"elementor elementor-991020 elementor-988209\">\n\t\t\t\t\t\t\t\t\t<section class=\"elementor-section elementor-top-section elementor-element elementor-element-90494bb elementor-section-content-bottom elementor-section-boxed elementor-section-height-default elementor-section-height-default elementor-invisible\" data-id=\"90494bb\" data-element_type=\"section\" data-settings=\"{&quot;background_background&quot;:&quot;classic&quot;,&quot;background_motion_fx_motion_fx_scrolling&quot;:&quot;yes&quot;,&quot;background_motion_fx_translateY_effect&quot;:&quot;yes&quot;,&quot;background_motion_fx_opacity_effect&quot;:&quot;yes&quot;,&quot;background_motion_fx_opacity_direction&quot;:&quot;in-out&quot;,&quot;background_motion_fx_opacity_range&quot;:{&quot;unit&quot;:&quot;%&quot;,&quot;size&quot;:&quot;&quot;,&quot;sizes&quot;:{&quot;start&quot;:62,&quot;end&quot;:82}},&quot;animation&quot;:&quot;fadeIn&quot;,&quot;background_motion_fx_translateY_speed&quot;:{&quot;unit&quot;:&quot;px&quot;,&quot;size&quot;:4,&quot;sizes&quot;:[]},&quot;background_motion_fx_translateY_affectedRange&quot;:{&quot;unit&quot;:&quot;%&quot;,&quot;size&quot;:&quot;&quot;,&quot;sizes&quot;:{&quot;start&quot;:0,&quot;end&quot;:100}},&quot;background_motion_fx_opacity_level&quot;:{&quot;unit&quot;:&quot;px&quot;,&quot;size&quot;:10,&quot;sizes&quot;:[]},&quot;background_motion_fx_devices&quot;:[&quot;desktop&quot;,&quot;tablet&quot;,&quot;mobile&quot;]}\">\n\t\t\t\t\t\t<div class=\"elementor-container elementor-column-gap-default\">\n\t\t\t\t\t<div class=\"elementor-column elementor-col-50 elementor-top-column elementor-element elementor-element-6e88057\" data-id=\"6e88057\" data-element_type=\"column\" data-settings=\"{&quot;background_background&quot;:&quot;classic&quot;}\">\n\t\t\t<div class=\"elementor-widget-wrap elementor-element-populated\">\n\t\t\t\t\t\t\t\t<div class=\"elementor-element elementor-element-9b46fca elementor-widget elementor-widget-heading\" data-id=\"9b46fca\" data-element_type=\"widget\" data-widget_type=\"heading.default\">\n\t\t\t\t<div class=\"elementor-widget-container\">\n\t\t\t<style>\/*! elementor - v3.18.0 - 20-12-2023 *\/\n.elementor-heading-title{padding:0;margin:0;line-height:1}.elementor-widget-heading .elementor-heading-title[class*=elementor-size-]>a{color:inherit;font-size:inherit;line-height:inherit}.elementor-widget-heading .elementor-heading-title.elementor-size-small{font-size:15px}.elementor-widget-heading .elementor-heading-title.elementor-size-medium{font-size:19px}.elementor-widget-heading .elementor-heading-title.elementor-size-large{font-size:29px}.elementor-widget-heading .elementor-heading-title.elementor-size-xl{font-size:39px}.elementor-widget-heading .elementor-heading-title.elementor-size-xxl{font-size:59px}<\/style><h3 class=\"elementor-heading-title elementor-size-default\">Centro Progetto Lingue<\/h3>\t\t<\/div>\n\t\t\t\t<\/div>\n\t\t\t\t<div class=\"elementor-element elementor-element-7e5abdb elementor-widget elementor-widget-text-editor\" data-id=\"7e5abdb\" data-element_type=\"widget\" data-widget_type=\"text-editor.default\">\n\t\t\t\t<div class=\"elementor-widget-container\">\n\t\t\t<style>\/*! elementor - v3.18.0 - 20-12-2023 *\/\n.elementor-widget-text-editor.elementor-drop-cap-view-stacked .elementor-drop-cap{background-color:#69727d;color:#fff}.elementor-widget-text-editor.elementor-drop-cap-view-framed .elementor-drop-cap{color:#69727d;border:3px solid;background-color:transparent}.elementor-widget-text-editor:not(.elementor-drop-cap-view-default) .elementor-drop-cap{margin-top:8px}.elementor-widget-text-editor:not(.elementor-drop-cap-view-default) .elementor-drop-cap-letter{width:1em;height:1em}.elementor-widget-text-editor .elementor-drop-cap{float:left;text-align:center;line-height:1;font-size:50px}.elementor-widget-text-editor .elementor-drop-cap-letter{display:inline-block}<\/style>\t\t\t\t<p><span style=\"font-size: 14.0pt; line-height: 103%; font-family: 'Calibri',sans-serif; mso-fareast-font-family: 'Times New Roman'; color: #020202; mso-ansi-language: IT; mso-fareast-language: IT; mso-bidi-language: AR-SA;\">Progetto Lingue ist ein Zentrum f\u00fcr italienische Sprache und Kultur<\/span><\/p>\n\t\t\t\t\t\t<\/div>\n\t\t\t\t<\/div>\n\t\t\t\t\t<\/div>\n\t\t<\/div>\n\t\t\t\t<div class=\"elementor-column elementor-col-50 elementor-top-column elementor-element elementor-element-6d27dd2 elementor-hidden-phone\" data-id=\"6d27dd2\" data-element_type=\"column\">\n\t\t\t<div class=\"elementor-widget-wrap\">\n\t\t\t\t\t\t\t\t\t<\/div>\n\t\t<\/div>\n\t\t\t\t\t\t\t<\/div>\n\t\t<\/section>\n\t\t\t\t<section class=\"elementor-section elementor-top-section elementor-element elementor-element-451faff elementor-section-height-min-height elementor-section-boxed elementor-section-height-default elementor-section-items-middle\" data-id=\"451faff\" data-element_type=\"section\">\n\t\t\t\t\t\t<div class=\"elementor-container elementor-column-gap-default\">\n\t\t\t\t\t<div class=\"elementor-column elementor-col-50 elementor-top-column elementor-element elementor-element-1a21565\" data-id=\"1a21565\" data-element_type=\"column\" data-settings=\"{&quot;background_background&quot;:&quot;classic&quot;}\">\n\t\t\t<div class=\"elementor-widget-wrap elementor-element-populated\">\n\t\t\t\t\t\t\t\t<div class=\"elementor-element elementor-element-a486b7f elementor-widget elementor-widget-spacer\" data-id=\"a486b7f\" data-element_type=\"widget\" data-widget_type=\"spacer.default\">\n\t\t\t\t<div class=\"elementor-widget-container\">\n\t\t\t<style>\/*! elementor - v3.18.0 - 20-12-2023 *\/\n.elementor-column .elementor-spacer-inner{height:var(--spacer-size)}.e-con{--container-widget-width:100%}.e-con-inner>.elementor-widget-spacer,.e-con>.elementor-widget-spacer{width:var(--container-widget-width,var(--spacer-size));--align-self:var(--container-widget-align-self,initial);--flex-shrink:0}.e-con-inner>.elementor-widget-spacer>.elementor-widget-container,.e-con>.elementor-widget-spacer>.elementor-widget-container{height:100%;width:100%}.e-con-inner>.elementor-widget-spacer>.elementor-widget-container>.elementor-spacer,.e-con>.elementor-widget-spacer>.elementor-widget-container>.elementor-spacer{height:100%}.e-con-inner>.elementor-widget-spacer>.elementor-widget-container>.elementor-spacer>.elementor-spacer-inner,.e-con>.elementor-widget-spacer>.elementor-widget-container>.elementor-spacer>.elementor-spacer-inner{height:var(--container-widget-height,var(--spacer-size))}.e-con-inner>.elementor-widget-spacer.elementor-widget-empty,.e-con>.elementor-widget-spacer.elementor-widget-empty{position:relative;min-height:22px;min-width:22px}.e-con-inner>.elementor-widget-spacer.elementor-widget-empty .elementor-widget-empty-icon,.e-con>.elementor-widget-spacer.elementor-widget-empty .elementor-widget-empty-icon{position:absolute;top:0;bottom:0;left:0;right:0;margin:auto;padding:0;width:22px;height:22px}<\/style>\t\t<div class=\"elementor-spacer\">\n\t\t\t<div class=\"elementor-spacer-inner\"><\/div>\n\t\t<\/div>\n\t\t\t\t<\/div>\n\t\t\t\t<\/div>\n\t\t\t\t\t<\/div>\n\t\t<\/div>\n\t\t\t\t<div class=\"elementor-column elementor-col-50 elementor-top-column elementor-element elementor-element-b7b94e1 elementor-hidden-phone\" data-id=\"b7b94e1\" data-element_type=\"column\">\n\t\t\t<div class=\"elementor-widget-wrap\">\n\t\t\t\t\t\t\t\t\t<\/div>\n\t\t<\/div>\n\t\t\t\t\t\t\t<\/div>\n\t\t<\/section>\n\t\t\t\t<section class=\"elementor-section elementor-top-section elementor-element elementor-element-28fd8ce elementor-section-boxed elementor-section-height-default elementor-section-height-default\" data-id=\"28fd8ce\" data-element_type=\"section\">\n\t\t\t\t\t\t<div class=\"elementor-container elementor-column-gap-default\">\n\t\t\t\t\t<div class=\"elementor-column elementor-col-100 elementor-top-column elementor-element elementor-element-82f76e6\" data-id=\"82f76e6\" data-element_type=\"column\">\n\t\t\t<div class=\"elementor-widget-wrap elementor-element-populated\">\n\t\t\t\t\t\t\t\t<div class=\"elementor-element elementor-element-f20777a elementor-widget elementor-widget-heading\" data-id=\"f20777a\" data-element_type=\"widget\" data-widget_type=\"heading.default\">\n\t\t\t\t<div class=\"elementor-widget-container\">\n\t\t\t<h2 class=\"elementor-heading-title elementor-size-default\">LAURA RECANATINI<\/h2>\t\t<\/div>\n\t\t\t\t<\/div>\n\t\t\t\t<div class=\"elementor-element elementor-element-917c53e elementor-widget elementor-widget-text-editor\" data-id=\"917c53e\" data-element_type=\"widget\" data-widget_type=\"text-editor.default\">\n\t\t\t\t<div class=\"elementor-widget-container\">\n\t\t\t\t\t\t\t<p>Hallo zusammen!<\/p><p><img fetchpriority=\"high\" decoding=\"async\" class=\"alignleft\" src=\"https:\/\/www.centroprogettolingue.it\/wp-content\/uploads\/2023\/02\/FOTO-LAURA-RECANATINI-PROGETTO-LINGUE-169x300.jpg\" alt=\"\" width=\"169\" height=\"300\" \/>Mein Name ist\u00a0Laura<strong>\u00a0<\/strong>Ich habe mich dem Studium der italienischen Sprache und der Fremdsprachen gewidmet und meine Leidenschaft zum Beruf gemacht. Ich bin Italienischlehrerin mit einem Abschluss in Fremdsprachen und Literatur an der Universit\u00e4t von Verona. Seit 2018 arbeite ich intensiv mit dem Centro Linguistico Benaco als Fremdsprachenlehrerin zusammen und habe mich dann auf den Italienischunterricht f\u00fcr Ausl\u00e4nder L2\/LS spezialisiert und das Sprachzentrum Progetto Lingue gegr\u00fcndet und bin dort als Koordinatorin und Lehrerin t\u00e4tig.<\/p><p>Kurz zu meiner Unterrichts-Philosophie:<\/p><p>Dass sich meine Sch\u00fcler f\u00fcr die richtige Wahl der Sprache entschlossen haben, best\u00e4tige ich ihnen w\u00e4hrend des Unterrichts, indem ich auch die Sch\u00f6nheit der italienischen Kultur vermittle. Unser Unterricht wird zu einem fr\u00f6hlichen Austausch und ich erwecke das Interesse, den einzigartigen und sprachlichen Reichtum unseres Landes kennenzulernen. Die Sch\u00fcler werden motiviert, einen kontinuierlichen Lernprozess beizubehalten, denn das Gelernte wird aktiv wiederholt und garantiert somit die Erfolge.<\/p><p>CURRICULUM LAURA RECANATINI<\/p><p>Oberschule: Liceo Linguistico (Sprachengymnasium) und Sprachdiplom<\/p><p>Bachelor-Abschluss in Fremdsprachen und Literaturen 102\/110<\/p><p>Master-Abschluss in vergleichenden europ\u00e4ischen und au\u00dfereurop\u00e4ischen Sprachen und Literaturen 110\/110<\/p><p>Lehrerstudium 24 CFU (M.D. 616), 2021 abgeschlossen<\/p><p>Vom Centro Linguistico Ateneo der Universit\u00e4t von Verona anerkannte Sprachen und Sprachzertifikate: ITALIENISCH (MUTTERSPRACHE), C2 ENGLISCH, C2 SPANISCH, B1 DEUTSCH<\/p>\t\t\t\t\t\t<\/div>\n\t\t\t\t<\/div>\n\t\t\t\t\t<\/div>\n\t\t<\/div>\n\t\t\t\t\t\t\t<\/div>\n\t\t<\/section>\n\t\t\t\t\t\t\t<\/div>\n\t\t","protected":false},"excerpt":{"rendered":"<p>Centro Progetto Lingue Progetto Lingue ist ein Zentrum f\u00fcr italienische Sprache und Kultur LAURA RECANATINI Hallo zusammen! Mein Name ist\u00a0Laura\u00a0Ich habe mich dem Studium der italienischen Sprache und der Fremdsprachen gewidmet und meine Leidenschaft zum Beruf gemacht. Ich bin Italienischlehrerin mit einem Abschluss in Fremdsprachen und Literatur an der Universit\u00e4t von Verona. Seit 2018 arbeite&#8230;<\/p>\n","protected":false},"author":2,"featured_media":0,"parent":0,"menu_order":0,"comment_status":"closed","ping_status":"closed","template":"","meta":{"footnotes":""},"class_list":["post-991020","page","type-page","status-publish","hentry"],"_links":{"self":[{"href":"https:\/\/www.centroprogettolingue.it\/de\/wp-json\/wp\/v2\/pages\/991020","targetHints":{"allow":["GET"]}}],"collection":[{"href":"https:\/\/www.centroprogettolingue.it\/de\/wp-json\/wp\/v2\/pages"}],"about":[{"href":"https:\/\/www.centroprogettolingue.it\/de\/wp-json\/wp\/v2\/types\/page"}],"author":[{"embeddable":true,"href":"https:\/\/www.centroprogettolingue.it\/de\/wp-json\/wp\/v2\/users\/2"}],"replies":[{"embeddable":true,"href":"https:\/\/www.centroprogettolingue.it\/de\/wp-json\/wp\/v2\/comments?post=991020"}],"version-history":[{"count":7,"href":"https:\/\/www.centroprogettolingue.it\/de\/wp-json\/wp\/v2\/pages\/991020\/revisions"}],"predecessor-version":[{"id":992624,"href":"https:\/\/www.centroprogettolingue.it\/de\/wp-json\/wp\/v2\/pages\/991020\/revisions\/992624"}],"wp:attachment":[{"href":"https:\/\/www.centroprogettolingue.it\/de\/wp-json\/wp\/v2\/media?parent=991020"}],"curies":[{"name":"wp","href":"https:\/\/api.w.org\/{rel}","templated":true}]}}