{"id":991028,"date":"2023-01-01T08:25:57","date_gmt":"2023-01-01T08:25:57","guid":{"rendered":"https:\/\/www.centroprogettolingue.it\/prodotto\/englisch-deutsch-spanisch-sprachkurse\/"},"modified":"2023-05-12T14:30:38","modified_gmt":"2023-05-12T14:30:38","slug":"englisch-deutsch-spanisch-sprachkurse","status":"publish","type":"product","link":"https:\/\/www.centroprogettolingue.it\/de\/prodotto\/englisch-deutsch-spanisch-sprachkurse\/","title":{"rendered":"ENGLISCH, DEUTSCH, SPANISCH SPRACHKURSE"},"content":{"rendered":"\t\t<div data-elementor-type=\"product-post\" data-elementor-id=\"991028\" class=\"elementor elementor-991028 elementor-988095\">\n\t\t\t\t\t\t\t\t\t<section class=\"elementor-section elementor-top-section elementor-element elementor-element-13bf36a8 elementor-section-boxed elementor-section-height-default elementor-section-height-default\" data-id=\"13bf36a8\" data-element_type=\"section\">\n\t\t\t\t\t\t<div class=\"elementor-container elementor-column-gap-default\">\n\t\t\t\t\t<div class=\"elementor-column elementor-col-100 elementor-top-column elementor-element elementor-element-2d85be63\" data-id=\"2d85be63\" data-element_type=\"column\">\n\t\t\t<div class=\"elementor-widget-wrap elementor-element-populated\">\n\t\t\t\t\t\t\t\t<div class=\"elementor-element elementor-element-776019a elementor-invisible elementor-widget elementor-widget-heading\" data-id=\"776019a\" data-element_type=\"widget\" data-settings=\"{&quot;_animation&quot;:&quot;fadeIn&quot;,&quot;_animation_delay&quot;:300}\" data-widget_type=\"heading.default\">\n\t\t\t\t<div class=\"elementor-widget-container\">\n\t\t\t<style>\/*! elementor - v3.18.0 - 20-12-2023 *\/\n.elementor-heading-title{padding:0;margin:0;line-height:1}.elementor-widget-heading .elementor-heading-title[class*=elementor-size-]>a{color:inherit;font-size:inherit;line-height:inherit}.elementor-widget-heading .elementor-heading-title.elementor-size-small{font-size:15px}.elementor-widget-heading .elementor-heading-title.elementor-size-medium{font-size:19px}.elementor-widget-heading .elementor-heading-title.elementor-size-large{font-size:29px}.elementor-widget-heading .elementor-heading-title.elementor-size-xl{font-size:39px}.elementor-widget-heading .elementor-heading-title.elementor-size-xxl{font-size:59px}<\/style><h3 class=\"elementor-heading-title elementor-size-default\">ENGLISCH, DEUTSCH, SPANISCH SPRACHKURSE<\/h3>\t\t<\/div>\n\t\t\t\t<\/div>\n\t\t\t\t<div class=\"elementor-element elementor-element-ea319ba elementor-widget elementor-widget-text-editor\" data-id=\"ea319ba\" data-element_type=\"widget\" data-widget_type=\"text-editor.default\">\n\t\t\t\t<div class=\"elementor-widget-container\">\n\t\t\t<style>\/*! elementor - v3.18.0 - 20-12-2023 *\/\n.elementor-widget-text-editor.elementor-drop-cap-view-stacked .elementor-drop-cap{background-color:#69727d;color:#fff}.elementor-widget-text-editor.elementor-drop-cap-view-framed .elementor-drop-cap{color:#69727d;border:3px solid;background-color:transparent}.elementor-widget-text-editor:not(.elementor-drop-cap-view-default) .elementor-drop-cap{margin-top:8px}.elementor-widget-text-editor:not(.elementor-drop-cap-view-default) .elementor-drop-cap-letter{width:1em;height:1em}.elementor-widget-text-editor .elementor-drop-cap{float:left;text-align:center;line-height:1;font-size:50px}.elementor-widget-text-editor .elementor-drop-cap-letter{display:inline-block}<\/style>\t\t\t\t<p>Progetto Lingue bietet Sprachkurse f\u00fcr Englisch, Deutsch und Spanisch. Unsere Kurse sind f\u00fcr absolute Anf\u00e4nger geeignet und begleiten sie auf ihrem Lernweg durch die Anwendung der 4 grundlegenden Sprachfertigkeiten: Sprechen, Schreiben, H\u00f6ren, Lesen. Dank unserer diplomierten Lehrer und sorgf\u00e4ltig ausgew\u00e4hlten Lehrmaterialien k\u00f6nnen Sie die Grundlagen einer Sprache erlernen oder Ihre Sprachkenntnisse perfektionieren. Das Sprachzentrum bietet individuelle oder halbindividuelle Kurse an.<\/p>\n<p><b><u>UNTERRICHTSFORM<\/u><\/b>: Pr\u00e4senz- oder Online-Unterricht.<\/p>\n<p><b><u>DAUER<\/u><\/b>: Modul von 10 Lektionen, die ein- oder zweimal pro Woche stattfinden. Unterrichtseinheiten von 55 Minuten<\/p>\n<p><b><u>STUNDENPLAN<\/u><\/b>: nach Absprache mit dem Lehrer.<\/p>\n<p><b><u>NIVEAUS<\/u><\/b>: A1-A2-B1<\/p>\n<p><b><u>KOSTEN<\/u><\/b>: individueller Kurs in Anwesenheit 300,- Euro.<\/p>\n<p>N.B. Zu allen Preisen f\u00fcr die Pr\u00e4senzkurse kommt eine Kostenerstattung von 30,- Euro f\u00fcr Lehrmaterial hinzu, die Texte, Fotokopien (falls vorhanden) und die vom Zentrum angebotenen Dienstleistungen umfasst.<\/p>\n<p>Die Kosten f\u00fcr einen individuellen Online-Kurs betragen 300,- Euro.<\/p>\n<p><strong>Semi-individueller Kurs<\/strong><\/p>\n<p>UNTERRICHTSFORM: Pr\u00e4senz- oder Online-Unterricht<\/p>\n<p>KURSDAUER: 10 Lektionen<\/p>\n<p>DAUER: 55 Minuten<\/p>\n<p>STUNDENPLAN: nach Absprache mit dem Lehrer.<\/p>\n<p>SPRACHNIVEAUS: A1-A2-B1<\/p>\n<p>Kosten in Anwesenheit 160,- Euro pro Person.<\/p>\n<p>N.B. Zu allen Preisen f\u00fcr die Pr\u00e4senzkurse kommt eine Kostenerstattung von 30,- Euro f\u00fcr Lehrmaterial hinzu, die Texte, Fotokopien (falls vorhanden) und die vom Zentrum angebotenen Dienstleistungen umfasst.<\/p>\n<p>Semi-individueller Online-Kurs: 160,- Euro pro Person.<\/p>\n<p>Stornobedingungen: Bei einem Kurs von 10 Unterrichtsstunden k\u00f6nnen Sie den Unterricht maximal zweimal kostenlos stornieren oder verschieben.<\/p>\t\t\t\t\t\t<\/div>\n\t\t\t\t<\/div>\n\t\t\t\t\t<\/div>\n\t\t<\/div>\n\t\t\t\t\t\t\t<\/div>\n\t\t<\/section>\n\t\t\t\t\t\t\t<\/div>\n\t\t","protected":false},"excerpt":{"rendered":"[elementor-template id=\"6664\"]\n","protected":false},"featured_media":990652,"comment_status":"open","ping_status":"closed","template":"","meta":[],"product_cat":[123,124],"product_tag":[],"class_list":{"0":"post-991028","1":"product","2":"type-product","3":"status-publish","4":"has-post-thumbnail","6":"product_cat-ausgewahlte-kurse","7":"product_cat-spanisch","9":"first","10":"instock","11":"virtual","12":"sold-individually","13":"taxable","14":"purchasable","15":"product-type-booking"},"_links":{"self":[{"href":"https:\/\/www.centroprogettolingue.it\/de\/wp-json\/wp\/v2\/product\/991028","targetHints":{"allow":["GET"]}}],"collection":[{"href":"https:\/\/www.centroprogettolingue.it\/de\/wp-json\/wp\/v2\/product"}],"about":[{"href":"https:\/\/www.centroprogettolingue.it\/de\/wp-json\/wp\/v2\/types\/product"}],"replies":[{"embeddable":true,"href":"https:\/\/www.centroprogettolingue.it\/de\/wp-json\/wp\/v2\/comments?post=991028"}],"version-history":[{"count":4,"href":"https:\/\/www.centroprogettolingue.it\/de\/wp-json\/wp\/v2\/product\/991028\/revisions"}],"predecessor-version":[{"id":992090,"href":"https:\/\/www.centroprogettolingue.it\/de\/wp-json\/wp\/v2\/product\/991028\/revisions\/992090"}],"wp:featuredmedia":[{"embeddable":true,"href":"https:\/\/www.centroprogettolingue.it\/de\/wp-json\/wp\/v2\/media\/990652"}],"wp:attachment":[{"href":"https:\/\/www.centroprogettolingue.it\/de\/wp-json\/wp\/v2\/media?parent=991028"}],"wp:term":[{"taxonomy":"product_cat","embeddable":true,"href":"https:\/\/www.centroprogettolingue.it\/de\/wp-json\/wp\/v2\/product_cat?post=991028"},{"taxonomy":"product_tag","embeddable":true,"href":"https:\/\/www.centroprogettolingue.it\/de\/wp-json\/wp\/v2\/product_tag?post=991028"}],"curies":[{"name":"wp","href":"https:\/\/api.w.org\/{rel}","templated":true}]}}