{"id":991032,"date":"2023-01-20T14:12:21","date_gmt":"2023-02-20T14:12:21","guid":{"rendered":"https:\/\/www.centroprogettolingue.it\/prodotto\/vorbereitungskurs-fuer-aufenthaltsgenehmigung\/"},"modified":"2023-04-20T13:43:09","modified_gmt":"2023-04-20T13:43:09","slug":"vorbereitungskurs-fuer-aufenthaltsgenehmigung","status":"publish","type":"product","link":"https:\/\/www.centroprogettolingue.it\/de\/prodotto\/vorbereitungskurs-fuer-aufenthaltsgenehmigung\/","title":{"rendered":"VORBEREITUNGSKURS F\u00dcR AUFENTHALTSGENEHMIGUNG"},"content":{"rendered":"\t\t<div data-elementor-type=\"product-post\" data-elementor-id=\"991032\" class=\"elementor elementor-991032 elementor-988087\">\n\t\t\t\t\t\t\t\t\t<section class=\"elementor-section elementor-top-section elementor-element elementor-element-13bf36a8 elementor-section-boxed elementor-section-height-default elementor-section-height-default\" data-id=\"13bf36a8\" data-element_type=\"section\">\n\t\t\t\t\t\t<div class=\"elementor-container elementor-column-gap-default\">\n\t\t\t\t\t<div class=\"elementor-column elementor-col-100 elementor-top-column elementor-element elementor-element-2d85be63\" data-id=\"2d85be63\" data-element_type=\"column\">\n\t\t\t<div class=\"elementor-widget-wrap elementor-element-populated\">\n\t\t\t\t\t\t\t\t<div class=\"elementor-element elementor-element-776019a elementor-invisible elementor-widget elementor-widget-heading\" data-id=\"776019a\" data-element_type=\"widget\" data-settings=\"{&quot;_animation&quot;:&quot;fadeIn&quot;,&quot;_animation_delay&quot;:300}\" data-widget_type=\"heading.default\">\n\t\t\t\t<div class=\"elementor-widget-container\">\n\t\t\t<style>\/*! elementor - v3.18.0 - 20-12-2023 *\/\n.elementor-heading-title{padding:0;margin:0;line-height:1}.elementor-widget-heading .elementor-heading-title[class*=elementor-size-]>a{color:inherit;font-size:inherit;line-height:inherit}.elementor-widget-heading .elementor-heading-title.elementor-size-small{font-size:15px}.elementor-widget-heading .elementor-heading-title.elementor-size-medium{font-size:19px}.elementor-widget-heading .elementor-heading-title.elementor-size-large{font-size:29px}.elementor-widget-heading .elementor-heading-title.elementor-size-xl{font-size:39px}.elementor-widget-heading .elementor-heading-title.elementor-size-xxl{font-size:59px}<\/style><h3 class=\"elementor-heading-title elementor-size-default\">VORBEREITUNGSKURS F\u00dcR AUFENTHALTSGENEHMIGUNG UND ITALIENISCHE STAATSB\u00dcRGERSCHAFT<\/h3>\t\t<\/div>\n\t\t\t\t<\/div>\n\t\t\t\t<div class=\"elementor-element elementor-element-ea319ba elementor-widget elementor-widget-text-editor\" data-id=\"ea319ba\" data-element_type=\"widget\" data-widget_type=\"text-editor.default\">\n\t\t\t\t<div class=\"elementor-widget-container\">\n\t\t\t<style>\/*! elementor - v3.18.0 - 20-12-2023 *\/\n.elementor-widget-text-editor.elementor-drop-cap-view-stacked .elementor-drop-cap{background-color:#69727d;color:#fff}.elementor-widget-text-editor.elementor-drop-cap-view-framed .elementor-drop-cap{color:#69727d;border:3px solid;background-color:transparent}.elementor-widget-text-editor:not(.elementor-drop-cap-view-default) .elementor-drop-cap{margin-top:8px}.elementor-widget-text-editor:not(.elementor-drop-cap-view-default) .elementor-drop-cap-letter{width:1em;height:1em}.elementor-widget-text-editor .elementor-drop-cap{float:left;text-align:center;line-height:1;font-size:50px}.elementor-widget-text-editor .elementor-drop-cap-letter{display:inline-block}<\/style>\t\t\t\t<p class=\"MsoNormal\" style=\"text-align: justify;\"><span style=\"font-size: 14.0pt; line-height: 103%;\">Unser Pr\u00fcfungsvorbereitungskurs wird Ihnen helfen, sich auf diesen wichtigen Meilenstein vorzubereiten.<\/span><\/p>\n<p class=\"MsoNormal\" style=\"text-align: justify;\"><span style=\"font-size: 14.0pt; line-height: 103%;\">Wir m\u00f6chten Sie daran erinnern <\/span><\/p>\n<p class=\"MsoNormal\" style=\"text-align: justify;\"><span style=\"font-size: 14.0pt; line-height: 103%;\">dass es f\u00fcr den Erwerb einer Aufenthaltsgenehmigung notwendig ist, die Pr\u00fcfung auf A2-Niveau abzulegen;<\/span><\/p>\n<p class=\"MsoNormal\" style=\"text-align: justify;\"><span style=\"font-size: 14.0pt; line-height: 103%;\">um die italienische Staatsb\u00fcrgerschaft zu beantragen, m\u00fcssen Sie die Pr\u00fcfung auf B1-Niveau ablegen.<\/span><\/p>\n<p class=\"MsoNormal\" style=\"text-align: justify;\"><span style=\"font-size: 14.0pt; line-height: 103%;\">Der Vorbereitungskurs findet zweimal w\u00f6chentlich am Nachmittag oder am Vorabend statt und umfasst insgesamt 4 Stunden pro Woche.<\/span><\/p>\n<p class=\"MsoNormal\" style=\"text-align: justify;\"><span style=\"font-size: 14.0pt; line-height: 103%;\">Es besteht die M\u00f6glichkeit, den Kurs einzeln oder in einer Gruppe zu besuchen.<\/span><\/p>\n<p class=\"MsoNormal\" style=\"text-align: justify;\"><span style=\"font-size: 14.0pt; line-height: 103%;\">Die Kosten f\u00fcr den Einzelkurs betragen 380,- Euro f\u00fcr 16 Stunden, verteilt \u00fcber zwei Monate.<\/span><\/p>\n<p class=\"MsoNormal\" style=\"text-align: justify;\"><span style=\"font-size: 14.0pt; line-height: 103%;\">Die Kosten f\u00fcr den Kleingruppenkurs betragen 220,- Euro f\u00fcr 16 Stunden, verteilt auf zwei Monate.<\/span><\/p>\n<\/p>\n<p class=\"MsoNormal\" style=\"text-align: justify;\"><span style=\"font-size: 14.0pt; line-height: 103%;\">Der Kurs l\u00e4uft von Oktober bis M\u00e4rz.<\/span><\/p>\n\t\t\t\t\t\t<\/div>\n\t\t\t\t<\/div>\n\t\t\t\t\t<\/div>\n\t\t<\/div>\n\t\t\t\t\t\t\t<\/div>\n\t\t<\/section>\n\t\t\t\t\t\t\t<\/div>\n\t\t","protected":false},"excerpt":{"rendered":"[elementor-template id=\"6680\"]\n","protected":false},"featured_media":990652,"comment_status":"open","ping_status":"closed","template":"","meta":[],"product_cat":[123,125],"product_tag":[],"class_list":{"0":"post-991032","1":"product","2":"type-product","3":"status-publish","4":"has-post-thumbnail","6":"product_cat-ausgewahlte-kurse","7":"product_cat-vorbereitungskurs-fur-aufenthaltsgenehmigung","9":"first","10":"instock","11":"virtual","12":"sold-individually","13":"taxable","14":"purchasable","15":"product-type-booking"},"_links":{"self":[{"href":"https:\/\/www.centroprogettolingue.it\/de\/wp-json\/wp\/v2\/product\/991032","targetHints":{"allow":["GET"]}}],"collection":[{"href":"https:\/\/www.centroprogettolingue.it\/de\/wp-json\/wp\/v2\/product"}],"about":[{"href":"https:\/\/www.centroprogettolingue.it\/de\/wp-json\/wp\/v2\/types\/product"}],"replies":[{"embeddable":true,"href":"https:\/\/www.centroprogettolingue.it\/de\/wp-json\/wp\/v2\/comments?post=991032"}],"version-history":[{"count":3,"href":"https:\/\/www.centroprogettolingue.it\/de\/wp-json\/wp\/v2\/product\/991032\/revisions"}],"predecessor-version":[{"id":992041,"href":"https:\/\/www.centroprogettolingue.it\/de\/wp-json\/wp\/v2\/product\/991032\/revisions\/992041"}],"wp:featuredmedia":[{"embeddable":true,"href":"https:\/\/www.centroprogettolingue.it\/de\/wp-json\/wp\/v2\/media\/990652"}],"wp:attachment":[{"href":"https:\/\/www.centroprogettolingue.it\/de\/wp-json\/wp\/v2\/media?parent=991032"}],"wp:term":[{"taxonomy":"product_cat","embeddable":true,"href":"https:\/\/www.centroprogettolingue.it\/de\/wp-json\/wp\/v2\/product_cat?post=991032"},{"taxonomy":"product_tag","embeddable":true,"href":"https:\/\/www.centroprogettolingue.it\/de\/wp-json\/wp\/v2\/product_tag?post=991032"}],"curies":[{"name":"wp","href":"https:\/\/api.w.org\/{rel}","templated":true}]}}