{"id":991038,"date":"2023-01-20T13:41:57","date_gmt":"2023-01-20T13:41:57","guid":{"rendered":"https:\/\/www.centroprogettolingue.it\/prodotto\/italienisch-fuer-die-kunst\/"},"modified":"2023-03-30T07:46:25","modified_gmt":"2023-03-30T07:46:25","slug":"italienisch-fuer-die-kunst","status":"publish","type":"product","link":"https:\/\/www.centroprogettolingue.it\/de\/prodotto\/italienisch-fuer-die-kunst\/","title":{"rendered":"ITALIENISCH F\u00dcR DIE KUNST"},"content":{"rendered":"\t\t<div data-elementor-type=\"product-post\" data-elementor-id=\"991038\" class=\"elementor elementor-991038 elementor-988066\">\n\t\t\t\t\t\t\t\t\t<section class=\"elementor-section elementor-top-section elementor-element elementor-element-13bf36a8 elementor-section-boxed elementor-section-height-default elementor-section-height-default\" data-id=\"13bf36a8\" data-element_type=\"section\">\n\t\t\t\t\t\t<div class=\"elementor-container elementor-column-gap-default\">\n\t\t\t\t\t<div class=\"elementor-column elementor-col-100 elementor-top-column elementor-element elementor-element-2d85be63\" data-id=\"2d85be63\" data-element_type=\"column\">\n\t\t\t<div class=\"elementor-widget-wrap elementor-element-populated\">\n\t\t\t\t\t\t\t\t<div class=\"elementor-element elementor-element-776019a elementor-invisible elementor-widget elementor-widget-heading\" data-id=\"776019a\" data-element_type=\"widget\" data-settings=\"{&quot;_animation&quot;:&quot;fadeIn&quot;,&quot;_animation_delay&quot;:300}\" data-widget_type=\"heading.default\">\n\t\t\t\t<div class=\"elementor-widget-container\">\n\t\t\t<style>\/*! elementor - v3.18.0 - 20-12-2023 *\/\n.elementor-heading-title{padding:0;margin:0;line-height:1}.elementor-widget-heading .elementor-heading-title[class*=elementor-size-]>a{color:inherit;font-size:inherit;line-height:inherit}.elementor-widget-heading .elementor-heading-title.elementor-size-small{font-size:15px}.elementor-widget-heading .elementor-heading-title.elementor-size-medium{font-size:19px}.elementor-widget-heading .elementor-heading-title.elementor-size-large{font-size:29px}.elementor-widget-heading .elementor-heading-title.elementor-size-xl{font-size:39px}.elementor-widget-heading .elementor-heading-title.elementor-size-xxl{font-size:59px}<\/style><h3 class=\"elementor-heading-title elementor-size-default\">ITALIENISCH F\u00dcR DIE KUNST<\/h3>\t\t<\/div>\n\t\t\t\t<\/div>\n\t\t\t\t<div class=\"elementor-element elementor-element-ea319ba elementor-widget elementor-widget-text-editor\" data-id=\"ea319ba\" data-element_type=\"widget\" data-widget_type=\"text-editor.default\">\n\t\t\t\t<div class=\"elementor-widget-container\">\n\t\t\t<style>\/*! elementor - v3.18.0 - 20-12-2023 *\/\n.elementor-widget-text-editor.elementor-drop-cap-view-stacked .elementor-drop-cap{background-color:#69727d;color:#fff}.elementor-widget-text-editor.elementor-drop-cap-view-framed .elementor-drop-cap{color:#69727d;border:3px solid;background-color:transparent}.elementor-widget-text-editor:not(.elementor-drop-cap-view-default) .elementor-drop-cap{margin-top:8px}.elementor-widget-text-editor:not(.elementor-drop-cap-view-default) .elementor-drop-cap-letter{width:1em;height:1em}.elementor-widget-text-editor .elementor-drop-cap{float:left;text-align:center;line-height:1;font-size:50px}.elementor-widget-text-editor .elementor-drop-cap-letter{display:inline-block}<\/style>\t\t\t\t<p>Einzel- oder Halb-Individualkurs f\u00fcr Touristen oder Studenten, die vom k\u00fcnstlerischen Reichtum Italiens fasziniert sind. Das Programm bietet die M\u00f6glichkeit, die k\u00fcnstlerischen Meisterwerke Italiens von Botticellis Primavera bis zu Michelangelos David zu verstehen und zu sch\u00e4tzen. Der Lehrer f\u00fchrt die Teilnehmer in die Sprache der italienischen Kunst und dessen Anwendung ein. Au\u00dferdem besteht die M\u00f6glichkeit, an Kunstf\u00fchrungen in der Umgebung von Verona teilzunehmen.<\/p><p><u><b>UNTERRICHTSFORM<\/b><\/u>: Pr\u00e4senz- oder Online-Unterricht<\/p><p><u><b>DAUER<\/b><\/u>: 10 Stunden, jede Unterrichtsstunde dauert 55 Minuten<\/p><p><u><b>STUNDENPLAN<\/b><\/u>: vormittags von 10.00 bis 12.00 Uhr oder nach Vereinbarung mit dem Lehrer<\/p><p><u><b>NIVEAUS<\/b><\/u>: A2-B1-B2<\/p><p><u><b>MINDESTALTER<\/b><\/u>: 15 Jahre alt<\/p><p><u><b>KOSTEN<\/b><\/u>: 360,- Euro<\/p><p>N.B. Zu allen Preisen f\u00fcr die Pr\u00e4senzkurse kommt eine Kostenerstattung von 30,- Euro f\u00fcr Lehrmaterial hinzu, die Texte, Fotokopien (falls vorhanden) und die vom Zentrum angebotenen Dienstleistungen umfasst.<\/p>\t\t\t\t\t\t<\/div>\n\t\t\t\t<\/div>\n\t\t\t\t\t<\/div>\n\t\t<\/div>\n\t\t\t\t\t\t\t<\/div>\n\t\t<\/section>\n\t\t\t\t\t\t\t<\/div>\n\t\t","protected":false},"excerpt":{"rendered":"[elementor-template id=\"6699\"]\n","protected":false},"featured_media":990604,"comment_status":"open","ping_status":"closed","template":"","meta":[],"product_cat":[123,127],"product_tag":[],"class_list":{"0":"post-991038","1":"product","2":"type-product","3":"status-publish","4":"has-post-thumbnail","6":"product_cat-ausgewahlte-kurse","7":"product_cat-italienisch-fur-die-kunst","9":"first","10":"instock","11":"virtual","12":"sold-individually","13":"taxable","14":"purchasable","15":"product-type-booking"},"_links":{"self":[{"href":"https:\/\/www.centroprogettolingue.it\/de\/wp-json\/wp\/v2\/product\/991038","targetHints":{"allow":["GET"]}}],"collection":[{"href":"https:\/\/www.centroprogettolingue.it\/de\/wp-json\/wp\/v2\/product"}],"about":[{"href":"https:\/\/www.centroprogettolingue.it\/de\/wp-json\/wp\/v2\/types\/product"}],"replies":[{"embeddable":true,"href":"https:\/\/www.centroprogettolingue.it\/de\/wp-json\/wp\/v2\/comments?post=991038"}],"version-history":[{"count":7,"href":"https:\/\/www.centroprogettolingue.it\/de\/wp-json\/wp\/v2\/product\/991038\/revisions"}],"predecessor-version":[{"id":991530,"href":"https:\/\/www.centroprogettolingue.it\/de\/wp-json\/wp\/v2\/product\/991038\/revisions\/991530"}],"wp:featuredmedia":[{"embeddable":true,"href":"https:\/\/www.centroprogettolingue.it\/de\/wp-json\/wp\/v2\/media\/990604"}],"wp:attachment":[{"href":"https:\/\/www.centroprogettolingue.it\/de\/wp-json\/wp\/v2\/media?parent=991038"}],"wp:term":[{"taxonomy":"product_cat","embeddable":true,"href":"https:\/\/www.centroprogettolingue.it\/de\/wp-json\/wp\/v2\/product_cat?post=991038"},{"taxonomy":"product_tag","embeddable":true,"href":"https:\/\/www.centroprogettolingue.it\/de\/wp-json\/wp\/v2\/product_tag?post=991038"}],"curies":[{"name":"wp","href":"https:\/\/api.w.org\/{rel}","templated":true}]}}