{"id":991041,"date":"2023-01-20T13:01:40","date_gmt":"2023-01-20T13:01:40","guid":{"rendered":"https:\/\/www.centroprogettolingue.it\/prodotto\/italienisch-beim-kochen\/"},"modified":"2023-05-12T14:31:29","modified_gmt":"2023-05-12T14:31:29","slug":"italienisch-beim-kochen","status":"publish","type":"product","link":"https:\/\/www.centroprogettolingue.it\/de\/prodotto\/italienisch-beim-kochen\/","title":{"rendered":"ITALIENISCH BEIM KOCHEN"},"content":{"rendered":"\t\t<div data-elementor-type=\"product-post\" data-elementor-id=\"991041\" class=\"elementor elementor-991041 elementor-988052\">\n\t\t\t\t\t\t\t\t\t<section class=\"elementor-section elementor-top-section elementor-element elementor-element-13bf36a8 elementor-section-boxed elementor-section-height-default elementor-section-height-default\" data-id=\"13bf36a8\" data-element_type=\"section\">\n\t\t\t\t\t\t<div class=\"elementor-container elementor-column-gap-default\">\n\t\t\t\t\t<div class=\"elementor-column elementor-col-100 elementor-top-column elementor-element elementor-element-2d85be63\" data-id=\"2d85be63\" data-element_type=\"column\">\n\t\t\t<div class=\"elementor-widget-wrap elementor-element-populated\">\n\t\t\t\t\t\t\t\t<div class=\"elementor-element elementor-element-776019a elementor-invisible elementor-widget elementor-widget-heading\" data-id=\"776019a\" data-element_type=\"widget\" data-settings=\"{&quot;_animation&quot;:&quot;fadeIn&quot;,&quot;_animation_delay&quot;:300}\" data-widget_type=\"heading.default\">\n\t\t\t\t<div class=\"elementor-widget-container\">\n\t\t\t<style>\/*! elementor - v3.18.0 - 20-12-2023 *\/\n.elementor-heading-title{padding:0;margin:0;line-height:1}.elementor-widget-heading .elementor-heading-title[class*=elementor-size-]>a{color:inherit;font-size:inherit;line-height:inherit}.elementor-widget-heading .elementor-heading-title.elementor-size-small{font-size:15px}.elementor-widget-heading .elementor-heading-title.elementor-size-medium{font-size:19px}.elementor-widget-heading .elementor-heading-title.elementor-size-large{font-size:29px}.elementor-widget-heading .elementor-heading-title.elementor-size-xl{font-size:39px}.elementor-widget-heading .elementor-heading-title.elementor-size-xxl{font-size:59px}<\/style><h3 class=\"elementor-heading-title elementor-size-default\">ITALIENISCH IN DER K\u00dcCHE ONLINE<\/h3>\t\t<\/div>\n\t\t\t\t<\/div>\n\t\t\t\t<div class=\"elementor-element elementor-element-ea319ba elementor-widget elementor-widget-text-editor\" data-id=\"ea319ba\" data-element_type=\"widget\" data-widget_type=\"text-editor.default\">\n\t\t\t\t<div class=\"elementor-widget-container\">\n\t\t\t<style>\/*! elementor - v3.18.0 - 20-12-2023 *\/\n.elementor-widget-text-editor.elementor-drop-cap-view-stacked .elementor-drop-cap{background-color:#69727d;color:#fff}.elementor-widget-text-editor.elementor-drop-cap-view-framed .elementor-drop-cap{color:#69727d;border:3px solid;background-color:transparent}.elementor-widget-text-editor:not(.elementor-drop-cap-view-default) .elementor-drop-cap{margin-top:8px}.elementor-widget-text-editor:not(.elementor-drop-cap-view-default) .elementor-drop-cap-letter{width:1em;height:1em}.elementor-widget-text-editor .elementor-drop-cap{float:left;text-align:center;line-height:1;font-size:50px}.elementor-widget-text-editor .elementor-drop-cap-letter{display:inline-block}<\/style>\t\t\t\t<p>Einzel- oder Halb-Individualkurs f\u00fcr Liebhaber der Ess- und Weinkultur unseres Landes. Es handelt sich dabei aber nicht um einen Kochkurs, sondern das Programm richtet sich an Teilnehmer, die neugierig auf die Geschichte der italienischen K\u00fcche, ihre Urspr\u00fcnge, Traditionen und typischen Gerichte sind, verbunden mit unterhaltsamen interaktiven Aktivit\u00e4ten.<\/p>\n<p><u><b>MITTLE:<\/b><\/u> online \u00fcber Skype, Teams oder Zoom<\/p>\n<p><u><b>DAUER<\/b><\/u>: 10 Stunden; Unterrichtseinheiten von 55 Minuten 1- oder 2-mal pro Woche<\/p>\n<p><u><b>STUNDENPLAN<\/b><\/u>: vormittags von 10.00 bis 12.00 Uhr oder nach Vereinbarung mit dem Lehrer<\/p>\n<p><u><b>NIVEAUS<\/b><\/u>: A2-B1-B2<\/p>\n<p><b><u>MINDESTALTER<\/u><\/b>: 15 Jahre alt<\/p>\n<p><u style=\"\"><b style=\"\">KOSTEN<\/b><\/u>: 300,- Euro<\/p>\n<p>N.B. Zu allen Preisen f\u00fcr die Pr\u00e4senzkurse kommt eine Kostenerstattung von 30,- Euro f\u00fcr Lehrmaterial hinzu, die Texte, Fotokopien (falls vorhanden) und die vom Zentrum angebotenen Dienstleistungen umfasst.<\/p>\t\t\t\t\t\t<\/div>\n\t\t\t\t<\/div>\n\t\t\t\t\t<\/div>\n\t\t<\/div>\n\t\t\t\t\t\t\t<\/div>\n\t\t<\/section>\n\t\t\t\t\t\t\t<\/div>\n\t\t","protected":false},"excerpt":{"rendered":"[elementor-template id=\"6715\"]\n","protected":false},"featured_media":990637,"comment_status":"open","ping_status":"closed","template":"","meta":[],"product_cat":[123,128],"product_tag":[],"class_list":{"0":"post-991041","1":"product","2":"type-product","3":"status-publish","4":"has-post-thumbnail","6":"product_cat-ausgewahlte-kurse","7":"product_cat-italienisch-beim-kochen","9":"first","10":"instock","11":"virtual","12":"sold-individually","13":"taxable","14":"purchasable","15":"product-type-booking"},"_links":{"self":[{"href":"https:\/\/www.centroprogettolingue.it\/de\/wp-json\/wp\/v2\/product\/991041","targetHints":{"allow":["GET"]}}],"collection":[{"href":"https:\/\/www.centroprogettolingue.it\/de\/wp-json\/wp\/v2\/product"}],"about":[{"href":"https:\/\/www.centroprogettolingue.it\/de\/wp-json\/wp\/v2\/types\/product"}],"replies":[{"embeddable":true,"href":"https:\/\/www.centroprogettolingue.it\/de\/wp-json\/wp\/v2\/comments?post=991041"}],"version-history":[{"count":7,"href":"https:\/\/www.centroprogettolingue.it\/de\/wp-json\/wp\/v2\/product\/991041\/revisions"}],"predecessor-version":[{"id":992105,"href":"https:\/\/www.centroprogettolingue.it\/de\/wp-json\/wp\/v2\/product\/991041\/revisions\/992105"}],"wp:featuredmedia":[{"embeddable":true,"href":"https:\/\/www.centroprogettolingue.it\/de\/wp-json\/wp\/v2\/media\/990637"}],"wp:attachment":[{"href":"https:\/\/www.centroprogettolingue.it\/de\/wp-json\/wp\/v2\/media?parent=991041"}],"wp:term":[{"taxonomy":"product_cat","embeddable":true,"href":"https:\/\/www.centroprogettolingue.it\/de\/wp-json\/wp\/v2\/product_cat?post=991041"},{"taxonomy":"product_tag","embeddable":true,"href":"https:\/\/www.centroprogettolingue.it\/de\/wp-json\/wp\/v2\/product_tag?post=991041"}],"curies":[{"name":"wp","href":"https:\/\/api.w.org\/{rel}","templated":true}]}}