{"id":991044,"date":"2023-03-10T12:00:23","date_gmt":"2023-03-10T12:00:23","guid":{"rendered":"https:\/\/www.centroprogettolingue.it\/prodotto\/italienischkurs-in-kleinen-gruppen\/"},"modified":"2025-01-11T09:08:14","modified_gmt":"2025-01-11T09:08:14","slug":"italienischkurs-in-kleinen-gruppen","status":"publish","type":"product","link":"https:\/\/www.centroprogettolingue.it\/de\/prodotto\/italienischkurs-in-kleinen-gruppen\/","title":{"rendered":"ITALIENISCHKURS IN KLEINEN GRUPPEN"},"content":{"rendered":"\t\t<div data-elementor-type=\"product-post\" data-elementor-id=\"991044\" class=\"elementor elementor-991044 elementor-8137\">\n\t\t\t\t\t\t\t\t\t<section class=\"elementor-section elementor-top-section elementor-element elementor-element-13bf36a8 elementor-section-boxed elementor-section-height-default elementor-section-height-default\" data-id=\"13bf36a8\" data-element_type=\"section\">\n\t\t\t\t\t\t<div class=\"elementor-container elementor-column-gap-default\">\n\t\t\t\t\t<div class=\"elementor-column elementor-col-100 elementor-top-column elementor-element elementor-element-2d85be63\" data-id=\"2d85be63\" data-element_type=\"column\">\n\t\t\t<div class=\"elementor-widget-wrap elementor-element-populated\">\n\t\t\t\t\t\t\t\t<div class=\"elementor-element elementor-element-776019a elementor-invisible elementor-widget elementor-widget-heading\" data-id=\"776019a\" data-element_type=\"widget\" data-settings=\"{&quot;_animation&quot;:&quot;fadeIn&quot;,&quot;_animation_delay&quot;:300}\" data-widget_type=\"heading.default\">\n\t\t\t\t<div class=\"elementor-widget-container\">\n\t\t\t<style>\/*! elementor - v3.18.0 - 20-12-2023 *\/\n.elementor-heading-title{padding:0;margin:0;line-height:1}.elementor-widget-heading .elementor-heading-title[class*=elementor-size-]>a{color:inherit;font-size:inherit;line-height:inherit}.elementor-widget-heading .elementor-heading-title.elementor-size-small{font-size:15px}.elementor-widget-heading .elementor-heading-title.elementor-size-medium{font-size:19px}.elementor-widget-heading .elementor-heading-title.elementor-size-large{font-size:29px}.elementor-widget-heading .elementor-heading-title.elementor-size-xl{font-size:39px}.elementor-widget-heading .elementor-heading-title.elementor-size-xxl{font-size:59px}<\/style><h3 class=\"elementor-heading-title elementor-size-default\">ITALIENISCHKURS IN KLEINEN GRUPPEN<\/h3>\t\t<\/div>\n\t\t\t\t<\/div>\n\t\t\t\t<div class=\"elementor-element elementor-element-ea319ba elementor-widget elementor-widget-text-editor\" data-id=\"ea319ba\" data-element_type=\"widget\" data-widget_type=\"text-editor.default\">\n\t\t\t\t<div class=\"elementor-widget-container\">\n\t\t\t<style>\/*! elementor - v3.18.0 - 20-12-2023 *\/\n.elementor-widget-text-editor.elementor-drop-cap-view-stacked .elementor-drop-cap{background-color:#69727d;color:#fff}.elementor-widget-text-editor.elementor-drop-cap-view-framed .elementor-drop-cap{color:#69727d;border:3px solid;background-color:transparent}.elementor-widget-text-editor:not(.elementor-drop-cap-view-default) .elementor-drop-cap{margin-top:8px}.elementor-widget-text-editor:not(.elementor-drop-cap-view-default) .elementor-drop-cap-letter{width:1em;height:1em}.elementor-widget-text-editor .elementor-drop-cap{float:left;text-align:center;line-height:1;font-size:50px}.elementor-widget-text-editor .elementor-drop-cap-letter{display:inline-block}<\/style>\t\t\t\t<p class=\"MsoNormal\" style=\"text-align: justify;\"><span style=\"font-size: 14.0pt; line-height: 103%;\">Intensivkurs von 15 Stunden von Montag bis Freitag von 9,00 bis 11.15 Uhr. Die Lektionen dauern 45 Minuten. Die Klassen bestehen aus mindestens 3 und h\u00f6chstens 6 Teilnehmern mit gleichem Sprachniveau. Die kleine Gruppengr\u00f6\u00dfe garantiert eine besondere Aufmerksamkeit f\u00fcr die Bed\u00fcrfnisse jedes einzelnen Sch\u00fclers.<\/span><\/p><p class=\"MsoNormal\" style=\"text-align: justify;\"><span style=\"font-size: 14.0pt; line-height: 103%;\"><u><b>DAUER<\/b><\/u>: mindestens eine Woche, verl\u00e4ngerbar auf weitere Wochen.<\/span><\/p><p class=\"MsoNormal\" style=\"text-align: justify;\"><span style=\"font-size: 14.0pt; line-height: 103%;\"><u><b>STUNDENPLAN<\/b><\/u>: 3 Stunden pro Tag von Montag bis Freitag, von 9 bis 11:15 Uhr mit einer 5-min\u00fctigen Pause.<\/span><\/p><p class=\"MsoNormal\" style=\"text-align: justify;\"><span style=\"font-size: 14.0pt; line-height: 103%;\"><u><b>KLASSEN<\/b><\/u>: ab mindestens 3 Teilnehmern bis maximal 6 Studenten<\/span><\/p><p class=\"MsoNormal\" style=\"text-align: justify;\"><span style=\"font-size: 14.0pt; line-height: 103%;\"><u><b>NIVEAUS<\/b><\/u>: 6 verschiedene Niveaus des Italienischunterrichts gem\u00e4\u00df dem Gemeinsamen Europ\u00e4ischen Referenzrahmen.<\/span><\/p><p class=\"MsoNormal\" style=\"text-align: justify;\"><span style=\"font-size: 14.0pt; line-height: 103%;\"><u><b>MINDESTALTER<\/b><\/u>: 15 Jahre alt<\/span><\/p><p class=\"MsoNormal\" style=\"text-align: justify;\"><span style=\"font-size: 14.0pt; line-height: 103%;\"><u><b>TERMINE<\/b><\/u>: ab jedem Montag des Jahres<\/span><\/p><p class=\"MsoNormal\" style=\"text-align: justify;\"><span style=\"font-size: 14.0pt; line-height: 103%;\"><u><b>KULTURELLE AKTIVIT\u00c4TEN <\/b><\/u> k\u00f6nnen bei der Buchung des Kurses ausgew\u00e4hlt oder angefragt werden.<\/span><\/p><p class=\"MsoNormal\" style=\"text-align: justify;\"><span style=\"font-size: 14.0pt; line-height: 103%;\"><u><b>KOSTEN<\/b><\/u>: 310,- Euro pro Person<\/span><\/p><p class=\"MsoNormal\" style=\"text-align: justify;\"><a name=\"_Hlk123716371\"><\/a><span style=\"font-size: 14.0pt; line-height: 103%;\">N.B. Zu allen Preisen f\u00fcr die Pr\u00e4senzkurse kommt eine Kostenerstattung von 30,- Euro f\u00fcr Lehrmaterial hinzu, die Texte, Fotokopien (falls vorhanden) und die vom Zentrum angebotenen Dienstleistungen umfasst.<\/span><\/p><p class=\"MsoNormal\" style=\"text-align: justify;\"><span style=\"font-size: 14.0pt; line-height: 103%;\">Der Kurs ist auch online verf\u00fcgbar!<\/span><\/p><p class=\"MsoNormal\" style=\"text-align: justify;\"><span style=\"font-size: 14.0pt; line-height: 103%;\">Ein Modul von 15 Online-Lektionen kostet 310,- Euro.<\/span><\/p>\t\t\t\t\t\t<\/div>\n\t\t\t\t<\/div>\n\t\t\t\t\t<\/div>\n\t\t<\/div>\n\t\t\t\t\t\t\t<\/div>\n\t\t<\/section>\n\t\t\t\t<section class=\"elementor-section elementor-top-section elementor-element elementor-element-51447f6 elementor-section-boxed elementor-section-height-default elementor-section-height-default\" data-id=\"51447f6\" data-element_type=\"section\">\n\t\t\t\t\t\t<div class=\"elementor-container elementor-column-gap-default\">\n\t\t\t\t\t<div class=\"elementor-column elementor-col-100 elementor-top-column elementor-element elementor-element-5e1af30\" data-id=\"5e1af30\" data-element_type=\"column\">\n\t\t\t<div class=\"elementor-widget-wrap elementor-element-populated\">\n\t\t\t\t\t\t\t\t<section class=\"elementor-section elementor-inner-section elementor-element elementor-element-8ca2a2b elementor-section-boxed elementor-section-height-default elementor-section-height-default\" data-id=\"8ca2a2b\" data-element_type=\"section\">\n\t\t\t\t\t\t<div class=\"elementor-container elementor-column-gap-default\">\n\t\t\t\t\t<div class=\"elementor-column elementor-col-50 elementor-inner-column elementor-element elementor-element-bb96d97\" data-id=\"bb96d97\" data-element_type=\"column\">\n\t\t\t<div class=\"elementor-widget-wrap\">\n\t\t\t\t\t\t\t\t\t<\/div>\n\t\t<\/div>\n\t\t\t\t<div class=\"elementor-column elementor-col-50 elementor-inner-column elementor-element elementor-element-8911878\" data-id=\"8911878\" data-element_type=\"column\">\n\t\t\t<div class=\"elementor-widget-wrap\">\n\t\t\t\t\t\t\t\t\t<\/div>\n\t\t<\/div>\n\t\t\t\t\t\t\t<\/div>\n\t\t<\/section>\n\t\t\t\t\t<\/div>\n\t\t<\/div>\n\t\t\t\t\t\t\t<\/div>\n\t\t<\/section>\n\t\t\t\t\t\t\t<\/div>\n\t\t","protected":false},"excerpt":{"rendered":"[elementor-template id=\"6614\"]\n","protected":false},"featured_media":992502,"comment_status":"open","ping_status":"closed","template":"","meta":[],"product_cat":[123,129],"product_tag":[130,131],"class_list":{"0":"post-991044","1":"product","2":"type-product","3":"status-publish","4":"has-post-thumbnail","6":"product_cat-ausgewahlte-kurse","7":"product_cat-italienischkurs-in-kleinen-gruppen","8":"product_tag-exam-de","9":"product_tag-sprache","11":"first","12":"instock","13":"virtual","14":"sold-individually","15":"taxable","16":"purchasable","17":"product-type-booking"},"_links":{"self":[{"href":"https:\/\/www.centroprogettolingue.it\/de\/wp-json\/wp\/v2\/product\/991044","targetHints":{"allow":["GET"]}}],"collection":[{"href":"https:\/\/www.centroprogettolingue.it\/de\/wp-json\/wp\/v2\/product"}],"about":[{"href":"https:\/\/www.centroprogettolingue.it\/de\/wp-json\/wp\/v2\/types\/product"}],"replies":[{"embeddable":true,"href":"https:\/\/www.centroprogettolingue.it\/de\/wp-json\/wp\/v2\/comments?post=991044"}],"version-history":[{"count":28,"href":"https:\/\/www.centroprogettolingue.it\/de\/wp-json\/wp\/v2\/product\/991044\/revisions"}],"predecessor-version":[{"id":993278,"href":"https:\/\/www.centroprogettolingue.it\/de\/wp-json\/wp\/v2\/product\/991044\/revisions\/993278"}],"wp:featuredmedia":[{"embeddable":true,"href":"https:\/\/www.centroprogettolingue.it\/de\/wp-json\/wp\/v2\/media\/992502"}],"wp:attachment":[{"href":"https:\/\/www.centroprogettolingue.it\/de\/wp-json\/wp\/v2\/media?parent=991044"}],"wp:term":[{"taxonomy":"product_cat","embeddable":true,"href":"https:\/\/www.centroprogettolingue.it\/de\/wp-json\/wp\/v2\/product_cat?post=991044"},{"taxonomy":"product_tag","embeddable":true,"href":"https:\/\/www.centroprogettolingue.it\/de\/wp-json\/wp\/v2\/product_tag?post=991044"}],"curies":[{"name":"wp","href":"https:\/\/api.w.org\/{rel}","templated":true}]}}