{"id":991092,"date":"2023-03-09T12:00:28","date_gmt":"2023-03-09T12:00:28","guid":{"rendered":"https:\/\/www.centroprogettolingue.it\/prodotto\/twin-kurs\/"},"modified":"2025-01-11T09:21:02","modified_gmt":"2025-01-11T09:21:02","slug":"twin-kurs","status":"publish","type":"product","link":"https:\/\/www.centroprogettolingue.it\/de\/prodotto\/twin-kurs\/","title":{"rendered":"TWIN KURS"},"content":{"rendered":"\t\t<div data-elementor-type=\"product-post\" data-elementor-id=\"991092\" class=\"elementor elementor-991092 elementor-6729\">\n\t\t\t\t\t\t\t\t\t<section class=\"elementor-section elementor-top-section elementor-element elementor-element-13bf36a8 elementor-section-boxed elementor-section-height-default elementor-section-height-default\" data-id=\"13bf36a8\" data-element_type=\"section\">\n\t\t\t\t\t\t<div class=\"elementor-container elementor-column-gap-default\">\n\t\t\t\t\t<div class=\"elementor-column elementor-col-100 elementor-top-column elementor-element elementor-element-2d85be63\" data-id=\"2d85be63\" data-element_type=\"column\">\n\t\t\t<div class=\"elementor-widget-wrap elementor-element-populated\">\n\t\t\t\t\t\t\t\t<div class=\"elementor-element elementor-element-776019a elementor-invisible elementor-widget elementor-widget-heading\" data-id=\"776019a\" data-element_type=\"widget\" data-settings=\"{&quot;_animation&quot;:&quot;fadeIn&quot;,&quot;_animation_delay&quot;:300}\" data-widget_type=\"heading.default\">\n\t\t\t\t<div class=\"elementor-widget-container\">\n\t\t\t<style>\/*! elementor - v3.18.0 - 20-12-2023 *\/\n.elementor-heading-title{padding:0;margin:0;line-height:1}.elementor-widget-heading .elementor-heading-title[class*=elementor-size-]>a{color:inherit;font-size:inherit;line-height:inherit}.elementor-widget-heading .elementor-heading-title.elementor-size-small{font-size:15px}.elementor-widget-heading .elementor-heading-title.elementor-size-medium{font-size:19px}.elementor-widget-heading .elementor-heading-title.elementor-size-large{font-size:29px}.elementor-widget-heading .elementor-heading-title.elementor-size-xl{font-size:39px}.elementor-widget-heading .elementor-heading-title.elementor-size-xxl{font-size:59px}<\/style><h3 class=\"elementor-heading-title elementor-size-default\">TWIN KURS<\/h3>\t\t<\/div>\n\t\t\t\t<\/div>\n\t\t\t\t<div class=\"elementor-element elementor-element-ea319ba elementor-widget elementor-widget-text-editor\" data-id=\"ea319ba\" data-element_type=\"widget\" data-widget_type=\"text-editor.default\">\n\t\t\t\t<div class=\"elementor-widget-container\">\n\t\t\t<style>\/*! elementor - v3.18.0 - 20-12-2023 *\/\n.elementor-widget-text-editor.elementor-drop-cap-view-stacked .elementor-drop-cap{background-color:#69727d;color:#fff}.elementor-widget-text-editor.elementor-drop-cap-view-framed .elementor-drop-cap{color:#69727d;border:3px solid;background-color:transparent}.elementor-widget-text-editor:not(.elementor-drop-cap-view-default) .elementor-drop-cap{margin-top:8px}.elementor-widget-text-editor:not(.elementor-drop-cap-view-default) .elementor-drop-cap-letter{width:1em;height:1em}.elementor-widget-text-editor .elementor-drop-cap{float:left;text-align:center;line-height:1;font-size:50px}.elementor-widget-text-editor .elementor-drop-cap-letter{display:inline-block}<\/style>\t\t\t\t<p class=\"MsoNormal\" style=\"text-align: justify;\"><span style=\"font-size: 14.0pt; line-height: 103%;\">Ein idealer Kurs f\u00fcr zwei Personen, die das gleiche oder ein \u00e4hnliches Sprachniveau haben. Es handelt sich um einen auf pers\u00f6nliche Bed\u00fcrfnisse zugeschnittenen Italienischkurs (2 Teilnehmer) zu einem vorteilhaften Preis. Der Kurs besteht aus 2 Stunden Unterricht pro Tag f\u00fcr insgesamt 10 Stunden pro Woche. Der angegebene Preis gilt pro Person.<\/span><\/p><p class=\"MsoNormal\" style=\"text-align: justify; background-image: initial; background-position: initial; background-size: initial; background-repeat: initial; background-attachment: initial; background-origin: initial; background-clip: initial;\"><span style=\"font-size: 14.0pt; line-height: 103%; color: black; mso-color-alt: windowtext;\"><b><u>DAUER<\/u><\/b>: 10 Stunden, Montag bis Freitag Unterrichtseinheiten von 50 Minuten.<\/span><\/p><p class=\"MsoNormal\" style=\"text-align: justify;\"><span style=\"font-size: 14.0pt; line-height: 103%;\"><u><b>STUNDENPLAN<\/b><\/u>: 2 Stunden pro Tag, von 9 Uhr bis 12 Uhr.<\/span><\/p><p class=\"MsoNormal\" style=\"text-align: justify;\"><span style=\"font-size: 14.0pt; line-height: 103%;\"><u><b>KLASSEN<\/b><\/u>: 2 Studenten<\/span><\/p><p class=\"MsoNormal\" style=\"text-align: justify;\"><span style=\"font-size: 14.0pt; line-height: 103%;\"><u><b>NIVEAUS<\/b><\/u>: 6 verschiedene Niveaus des Italienischunterrichts gem\u00e4\u00df dem Gemeinsamen Europ\u00e4ischen Referenzrahmen<\/span><\/p><p class=\"MsoNormal\" style=\"text-align: justify;\"><span style=\"font-size: 14.0pt; line-height: 103%;\"><u><b>MINDESTALTER<\/b><\/u>: 15 Jahre alt<\/span><\/p><p class=\"MsoNormal\" style=\"text-align: justify;\"><span style=\"font-size: 14.0pt; line-height: 103%;\"><u><b>TERMINE<\/b><\/u>: ab jedem Montag des Jahres<\/span><\/p><p class=\"MsoNormal\" style=\"text-align: justify;\"><span style=\"font-size: 14.0pt; line-height: 103%;\"><u><b>KOSTEN<\/b><\/u>: 200,- Euro pro Person<\/span><\/p><p class=\"MsoNormal\" style=\"text-align: justify;\"><span style=\"font-size: 14.0pt; line-height: 103%;\">N.B. 30,- Euro m\u00fcssen zu allen Preisen der pers\u00f6nlichen Kurse hinzugef\u00fcgt werden, als Kostenerstattung f\u00fcr das Lehrmaterial, d.h. f\u00fcr die Texte, eventuelle Fotokopien und die vom Zentrum angebotenen Dienstleistungen.<\/span><\/p><p class=\"MsoNormal\" style=\"text-align: justify;\"><span style=\"font-size: 14.0pt; line-height: 103%;\">Der Kurs ist auch online verf\u00fcgbar!<\/span><\/p><p class=\"MsoNormal\" style=\"text-align: justify;\"><span style=\"font-size: 14.0pt; line-height: 103%;\">Ein Modul von 10 Online-Lektionen kostet 180,- Euro pro Person.<\/span><\/p>\t\t\t\t\t\t<\/div>\n\t\t\t\t<\/div>\n\t\t\t\t\t<\/div>\n\t\t<\/div>\n\t\t\t\t\t\t\t<\/div>\n\t\t<\/section>\n\t\t\t\t\t\t\t<\/div>\n\t\t","protected":false},"excerpt":{"rendered":"[elementor-template id=\"6731\"]\n","protected":false},"featured_media":990571,"comment_status":"closed","ping_status":"closed","template":"","meta":[],"product_cat":[132],"product_tag":[],"class_list":{"0":"post-991092","1":"product","2":"type-product","3":"status-publish","4":"has-post-thumbnail","6":"product_cat-twin-kurs","8":"first","9":"instock","10":"virtual","11":"sold-individually","12":"taxable","13":"purchasable","14":"product-type-booking"},"_links":{"self":[{"href":"https:\/\/www.centroprogettolingue.it\/de\/wp-json\/wp\/v2\/product\/991092","targetHints":{"allow":["GET"]}}],"collection":[{"href":"https:\/\/www.centroprogettolingue.it\/de\/wp-json\/wp\/v2\/product"}],"about":[{"href":"https:\/\/www.centroprogettolingue.it\/de\/wp-json\/wp\/v2\/types\/product"}],"replies":[{"embeddable":true,"href":"https:\/\/www.centroprogettolingue.it\/de\/wp-json\/wp\/v2\/comments?post=991092"}],"version-history":[{"count":4,"href":"https:\/\/www.centroprogettolingue.it\/de\/wp-json\/wp\/v2\/product\/991092\/revisions"}],"predecessor-version":[{"id":993294,"href":"https:\/\/www.centroprogettolingue.it\/de\/wp-json\/wp\/v2\/product\/991092\/revisions\/993294"}],"wp:featuredmedia":[{"embeddable":true,"href":"https:\/\/www.centroprogettolingue.it\/de\/wp-json\/wp\/v2\/media\/990571"}],"wp:attachment":[{"href":"https:\/\/www.centroprogettolingue.it\/de\/wp-json\/wp\/v2\/media?parent=991092"}],"wp:term":[{"taxonomy":"product_cat","embeddable":true,"href":"https:\/\/www.centroprogettolingue.it\/de\/wp-json\/wp\/v2\/product_cat?post=991092"},{"taxonomy":"product_tag","embeddable":true,"href":"https:\/\/www.centroprogettolingue.it\/de\/wp-json\/wp\/v2\/product_tag?post=991092"}],"curies":[{"name":"wp","href":"https:\/\/api.w.org\/{rel}","templated":true}]}}