{"id":991101,"date":"2023-03-08T12:00:25","date_gmt":"2023-03-08T12:00:25","guid":{"rendered":"https:\/\/www.centroprogettolingue.it\/prodotto\/einzelkurs\/"},"modified":"2023-10-01T17:47:59","modified_gmt":"2023-10-01T17:47:59","slug":"einzelkurs","status":"publish","type":"product","link":"https:\/\/www.centroprogettolingue.it\/de\/prodotto\/einzelkurs\/","title":{"rendered":"EINZELKURS"},"content":{"rendered":"\t\t<div data-elementor-type=\"product-post\" data-elementor-id=\"991101\" class=\"elementor elementor-991101 elementor-6722\">\n\t\t\t\t\t\t\t\t\t<section class=\"elementor-section elementor-top-section elementor-element elementor-element-13bf36a8 elementor-section-boxed elementor-section-height-default elementor-section-height-default\" data-id=\"13bf36a8\" data-element_type=\"section\">\n\t\t\t\t\t\t<div class=\"elementor-container elementor-column-gap-default\">\n\t\t\t\t\t<div class=\"elementor-column elementor-col-100 elementor-top-column elementor-element elementor-element-2d85be63\" data-id=\"2d85be63\" data-element_type=\"column\">\n\t\t\t<div class=\"elementor-widget-wrap elementor-element-populated\">\n\t\t\t\t\t\t\t\t<div class=\"elementor-element elementor-element-776019a elementor-invisible elementor-widget elementor-widget-heading\" data-id=\"776019a\" data-element_type=\"widget\" data-settings=\"{&quot;_animation&quot;:&quot;fadeIn&quot;,&quot;_animation_delay&quot;:300}\" data-widget_type=\"heading.default\">\n\t\t\t\t<div class=\"elementor-widget-container\">\n\t\t\t<style>\/*! elementor - v3.18.0 - 20-12-2023 *\/\n.elementor-heading-title{padding:0;margin:0;line-height:1}.elementor-widget-heading .elementor-heading-title[class*=elementor-size-]>a{color:inherit;font-size:inherit;line-height:inherit}.elementor-widget-heading .elementor-heading-title.elementor-size-small{font-size:15px}.elementor-widget-heading .elementor-heading-title.elementor-size-medium{font-size:19px}.elementor-widget-heading .elementor-heading-title.elementor-size-large{font-size:29px}.elementor-widget-heading .elementor-heading-title.elementor-size-xl{font-size:39px}.elementor-widget-heading .elementor-heading-title.elementor-size-xxl{font-size:59px}<\/style><h3 class=\"elementor-heading-title elementor-size-default\">EINZELKURS<\/h3>\t\t<\/div>\n\t\t\t\t<\/div>\n\t\t\t\t<div class=\"elementor-element elementor-element-ea319ba elementor-widget elementor-widget-text-editor\" data-id=\"ea319ba\" data-element_type=\"widget\" data-widget_type=\"text-editor.default\">\n\t\t\t\t<div class=\"elementor-widget-container\">\n\t\t\t<style>\/*! elementor - v3.18.0 - 20-12-2023 *\/\n.elementor-widget-text-editor.elementor-drop-cap-view-stacked .elementor-drop-cap{background-color:#69727d;color:#fff}.elementor-widget-text-editor.elementor-drop-cap-view-framed .elementor-drop-cap{color:#69727d;border:3px solid;background-color:transparent}.elementor-widget-text-editor:not(.elementor-drop-cap-view-default) .elementor-drop-cap{margin-top:8px}.elementor-widget-text-editor:not(.elementor-drop-cap-view-default) .elementor-drop-cap-letter{width:1em;height:1em}.elementor-widget-text-editor .elementor-drop-cap{float:left;text-align:center;line-height:1;font-size:50px}.elementor-widget-text-editor .elementor-drop-cap-letter{display:inline-block}<\/style>\t\t\t\t<p style=\"text-align: justify;\"><span style=\"font-size: 14.0pt; line-height: 103%;\">Um die italienische Sprache schnell zu erlernen, ist ein exklusiver, auf Sie und Ihre Bed\u00fcrfnisse zugeschnittener Einzelunterricht die ideale L\u00f6sung. In diesem Kurs k\u00f6nnen Sie Ihre Kenntnisse der italienischen Sprache durch das Studium aktueller Texte zusammen mit Konversations\u00fcbungen, die stets von unseren Lehrern kontrolliert werden, ausbauen.<\/span><\/p>\n<p style=\"text-align: justify;\"><span style=\"font-size: 14.0pt; line-height: 103%;\">Wesentlich dabei ist, dass die Sprache st\u00e4ndig trainiert und gepflegt werden muss, um ein gutes Niveau zu erhalten, so wird der Unterricht zusammen mit Ihrem Lehrer das beste Fitnessstudio f\u00fcr Italienisch!<\/span><\/p>\n<p style=\"text-align: justify; background-image: initial; background-position: initial; background-size: initial; background-repeat: initial; background-attachment: initial; background-origin: initial; background-clip: initial;\"><span style=\"font-size: 14.0pt; line-height: 103%; color: black; mso-color-alt: windowtext;\"><u><b>DAUER<\/b><\/u>: das ganze Jahr Unterrichtseinheiten von 55 Minuten<\/span><\/p>\n<p style=\"text-align: justify;\"><span style=\"font-size: 14.0pt; line-height: 103%;\"><u><b>STUNDENPLAN<\/b><\/u>: 2 Stunden Unterricht in Anwesenheit&nbsp;<\/span><span style=\"font-family: Montserrat, sans-serif; font-size: 18.6667px; font-style: normal; font-variant-ligatures: normal; font-variant-caps: normal; font-weight: 400; letter-spacing: 0.2px; background-color: var(--vamtam-accent-color-5);\">von Montag bis Freitag<\/span><span style=\"font-size: 14pt; background-color: var(--vamtam-accent-color-5); letter-spacing: 0.2px;\">.<\/span><\/p>\n<p style=\"text-align: justify;\"><span style=\"font-size: 14.0pt; line-height: 103%;\">Stundenplan nach Absprache mit dem Dozenten<\/span><\/p>\n<p style=\"text-align: justify;\"><span style=\"font-size: 14.0pt; line-height: 103%;\"><u><b>NIVEAUS<\/b><\/u>: alle Niveaus<\/span><\/p>\n<p style=\"text-align: justify;\"><span style=\"font-size: 14.0pt; line-height: 103%;\"><u><b>MINDESTALTER<\/b><\/u>: 15 Jahre alt<\/span><\/p>\n<p style=\"text-align: justify;\"><span style=\"font-size: 14.0pt; line-height: 103%;\"><b><u>KOSTEN<\/u><\/b>: ein Modul von 10 Lektionen in Anwesenheit kostet 360,- Euro<\/span><\/p>\n<p style=\"text-align: justify;\"><span style=\"font-size: 14.0pt; line-height: 103%;\">N.B. Zu allen Preisen f\u00fcr die Pr\u00e4senzkurse kommt eine Kostenerstattung von 30,- Euro f\u00fcr Lehrmaterial hinzu, die Texte, Fotokopien (falls vorhanden) und die vom Zentrum angebotenen Dienstleistungen umfasst.<\/span><\/p>\n<p style=\"text-align: justify;\"><span style=\"font-size: 14.0pt; line-height: 103%;\">Der Kurs ist auch online verf\u00fcgbar.<\/span><\/p>\n<p style=\"text-align: justify;\"><span style=\"font-size: 14.0pt; line-height: 103%;\">Ein Modul von 10 Online-Lektionen kostet 300,- Euro.<\/span><\/p>\t\t\t\t\t\t<\/div>\n\t\t\t\t<\/div>\n\t\t\t\t\t<\/div>\n\t\t<\/div>\n\t\t\t\t\t\t\t<\/div>\n\t\t<\/section>\n\t\t\t\t\t\t\t<\/div>\n\t\t","protected":false},"excerpt":{"rendered":"[elementor-template id=\"6724\"]\n","protected":false},"featured_media":990646,"comment_status":"closed","ping_status":"closed","template":"","meta":[],"product_cat":[133],"product_tag":[130,135,134,131],"class_list":{"0":"post-991101","1":"product","2":"type-product","3":"status-publish","4":"has-post-thumbnail","6":"product_cat-einzelkurs","7":"product_tag-exam-de","8":"product_tag-italienisch","9":"product_tag-kurs","10":"product_tag-sprache","12":"first","13":"instock","14":"virtual","15":"sold-individually","16":"taxable","17":"purchasable","18":"product-type-booking"},"_links":{"self":[{"href":"https:\/\/www.centroprogettolingue.it\/de\/wp-json\/wp\/v2\/product\/991101","targetHints":{"allow":["GET"]}}],"collection":[{"href":"https:\/\/www.centroprogettolingue.it\/de\/wp-json\/wp\/v2\/product"}],"about":[{"href":"https:\/\/www.centroprogettolingue.it\/de\/wp-json\/wp\/v2\/types\/product"}],"replies":[{"embeddable":true,"href":"https:\/\/www.centroprogettolingue.it\/de\/wp-json\/wp\/v2\/comments?post=991101"}],"version-history":[{"count":13,"href":"https:\/\/www.centroprogettolingue.it\/de\/wp-json\/wp\/v2\/product\/991101\/revisions"}],"predecessor-version":[{"id":992444,"href":"https:\/\/www.centroprogettolingue.it\/de\/wp-json\/wp\/v2\/product\/991101\/revisions\/992444"}],"wp:featuredmedia":[{"embeddable":true,"href":"https:\/\/www.centroprogettolingue.it\/de\/wp-json\/wp\/v2\/media\/990646"}],"wp:attachment":[{"href":"https:\/\/www.centroprogettolingue.it\/de\/wp-json\/wp\/v2\/media?parent=991101"}],"wp:term":[{"taxonomy":"product_cat","embeddable":true,"href":"https:\/\/www.centroprogettolingue.it\/de\/wp-json\/wp\/v2\/product_cat?post=991101"},{"taxonomy":"product_tag","embeddable":true,"href":"https:\/\/www.centroprogettolingue.it\/de\/wp-json\/wp\/v2\/product_tag?post=991101"}],"curies":[{"name":"wp","href":"https:\/\/api.w.org\/{rel}","templated":true}]}}